{"id":1306,"date":"2021-04-07T10:28:06","date_gmt":"2021-04-07T07:28:06","guid":{"rendered":"https:\/\/fil.ee\/uus\/?post_type=product&#038;p=1306"},"modified":"2025-09-21T23:31:16","modified_gmt":"2025-09-21T20:31:16","slug":"katja-mangib-lauajalgpalli","status":"publish","type":"product","link":"https:\/\/fil.ee\/uus\/toode\/katja-mangib-lauajalgpalli\/","title":{"rendered":"Katja m\u00e4ngib lauajalgpalli"},"content":{"rendered":"<p style=\"text-align: justify;\">2021. aasta 7. aprillil ilmus meie kirjastuselt uus lasteraamat, fil &#8220;Katja m\u00e4ngib lauajalgpalli&#8221;. Raamat on k\u00f5vade kaante ja v\u00e4rvilise sisuga. Tekst on kirjutatud tr\u00fckit\u00e4htedega. Raamatu m\u00f5\u00f5dud on 148&#215;210 mm, maht 48 lehek\u00fclge. Toimetas Heli Hallik, illustreeris Jana Valge, k\u00fcljendas ja kaaned kujundas Jaan Lehismets.<\/p>\n<p style=\"text-align: justify;\"><strong>Raamatu tutvustus:<br \/>\n<\/strong>KATJAL OLI \u00dcHEL \u00d6\u00d6L \u00dcLLATAV KOHTUMINE KUMMALISTE TEGELASTEGA. KES NEED OLID JA MIDA NAD TEGID, SAAD LUGEDA SELLEST RAAMATUST, MIDA SA JUST K\u00c4ES HOIAD. LISAKS SAAD TEADA, KUIDAS KATJA \u00d5PPIS LAUAJALGPALLI M\u00c4NGIMA.<\/p>\n<p>Raamatusse sisse vaatamiseks kl\u00f5psa <a href=\"https:\/\/fil.ee\/sisu\/Katja3_esimesed15lk.pdf\">siia<\/a>.<\/p>\n","protected":false},"excerpt":{"rendered":"<p>2021. aasta 7. aprillil ilmus meie kirjastuselt uus lasteraamat, fil &#8220;Katja m\u00e4ngib lauajalgpalli&#8221;. Raamat on k\u00f5vade kaante ja v\u00e4rvilise sisuga. Tekst on kirjutatud tr\u00fckit\u00e4htedega. Raamatu m\u00f5\u00f5dud on 148&#215;210 mm, maht 48 lehek\u00fclge. Toimetas Heli Hallik, illustreeris Jana Valge, k\u00fcljendas ja kaaned kujundas Jaan Lehismets. Raamatu tutvustus: KATJAL OLI \u00dcHEL \u00d6\u00d6L \u00dcLLATAV KOHTUMINE KUMMALISTE TEGELASTEGA. KES [&hellip;]<\/p>\n","protected":false},"featured_media":1303,"comment_status":"open","ping_status":"closed","template":"","meta":[],"product_brand":[],"product_cat":[22],"product_tag":[],"class_list":{"0":"post-1306","1":"product","2":"type-product","3":"status-publish","4":"has-post-thumbnail","6":"product_cat-lastele","8":"first","9":"instock","10":"sale","11":"taxable","12":"shipping-taxable","13":"purchasable","14":"product-type-simple"},"_links":{"self":[{"href":"https:\/\/fil.ee\/uus\/wp-json\/wp\/v2\/product\/1306","targetHints":{"allow":["GET"]}}],"collection":[{"href":"https:\/\/fil.ee\/uus\/wp-json\/wp\/v2\/product"}],"about":[{"href":"https:\/\/fil.ee\/uus\/wp-json\/wp\/v2\/types\/product"}],"replies":[{"embeddable":true,"href":"https:\/\/fil.ee\/uus\/wp-json\/wp\/v2\/comments?post=1306"}],"wp:featuredmedia":[{"embeddable":true,"href":"https:\/\/fil.ee\/uus\/wp-json\/wp\/v2\/media\/1303"}],"wp:attachment":[{"href":"https:\/\/fil.ee\/uus\/wp-json\/wp\/v2\/media?parent=1306"}],"wp:term":[{"taxonomy":"product_brand","embeddable":true,"href":"https:\/\/fil.ee\/uus\/wp-json\/wp\/v2\/product_brand?post=1306"},{"taxonomy":"product_cat","embeddable":true,"href":"https:\/\/fil.ee\/uus\/wp-json\/wp\/v2\/product_cat?post=1306"},{"taxonomy":"product_tag","embeddable":true,"href":"https:\/\/fil.ee\/uus\/wp-json\/wp\/v2\/product_tag?post=1306"}],"curies":[{"name":"wp","href":"https:\/\/api.w.org\/{rel}","templated":true}]}}