{"id":1288,"date":"2021-03-16T12:13:51","date_gmt":"2021-03-16T10:13:51","guid":{"rendered":"https:\/\/fil.ee\/uus\/?post_type=product&#038;p=1288"},"modified":"2025-10-07T12:55:08","modified_gmt":"2025-10-07T09:55:08","slug":"mulle-meeldib","status":"publish","type":"product","link":"https:\/\/fil.ee\/uus\/toode\/mulle-meeldib\/","title":{"rendered":"Mulle meeldib"},"content":{"rendered":"<p style=\"text-align: justify;\">2021. aasta 18. m\u00e4rtsil ilmus meie kirjastuselt uus lasteraamat, Maria Lepmaa \u201cMulle meeldib\u201d. Raamat on pehmete kaante ja mustvalge sisuga. Pildid on m\u00f5eldud lastele v\u00e4rvimiseks. Raamatu m\u00f5\u00f5dud on 176\u00d7250 mm, maht 44 lehek\u00fclge. Toimetas Irene \u00d5mblus, illustreeris Jana Valge, k\u00fcljendas ja kaaned kujundas Vallo Hallik.<\/p>\n<p style=\"text-align: justify;\"><strong>Raamatu tutvustus:<br \/>\n<\/strong>RAAMATUST LEIAD P\u00d5NEVATE TEGEVUSTEGA PILTE. VEEL ON SIIN LINDUDE, LOOMADE JA MARJADE PILDID. NENDE JUURES ON NIMETUSED. NII TEAD, KELLE V\u00d5I MILLEGA ON TEGU.<\/p>\n<p>Raamatusse sisse vaatamiseks kl\u00f5psa <a href=\"https:\/\/fil.ee\/sisu\/Mulle_meeldib_esimesed_15.pdf\">siia<\/a>.<\/p>\n","protected":false},"excerpt":{"rendered":"<p>2021. aasta 18. m\u00e4rtsil ilmus meie kirjastuselt uus lasteraamat, Maria Lepmaa \u201cMulle meeldib\u201d. Raamat on pehmete kaante ja mustvalge sisuga. Pildid on m\u00f5eldud lastele v\u00e4rvimiseks. Raamatu m\u00f5\u00f5dud on 176\u00d7250 mm, maht 44 lehek\u00fclge. Toimetas Irene \u00d5mblus, illustreeris Jana Valge, k\u00fcljendas ja kaaned kujundas Vallo Hallik. Raamatu tutvustus: RAAMATUST LEIAD P\u00d5NEVATE TEGEVUSTEGA PILTE. VEEL ON SIIN [&hellip;]<\/p>\n","protected":false},"featured_media":1289,"comment_status":"open","ping_status":"closed","template":"","meta":[],"product_brand":[],"product_cat":[286],"product_tag":[],"class_list":{"0":"post-1288","1":"product","2":"type-product","3":"status-publish","4":"has-post-thumbnail","6":"product_cat-archive","8":"first","9":"outofstock","10":"taxable","11":"shipping-taxable","12":"product-type-simple"},"_links":{"self":[{"href":"https:\/\/fil.ee\/uus\/wp-json\/wp\/v2\/product\/1288","targetHints":{"allow":["GET"]}}],"collection":[{"href":"https:\/\/fil.ee\/uus\/wp-json\/wp\/v2\/product"}],"about":[{"href":"https:\/\/fil.ee\/uus\/wp-json\/wp\/v2\/types\/product"}],"replies":[{"embeddable":true,"href":"https:\/\/fil.ee\/uus\/wp-json\/wp\/v2\/comments?post=1288"}],"wp:featuredmedia":[{"embeddable":true,"href":"https:\/\/fil.ee\/uus\/wp-json\/wp\/v2\/media\/1289"}],"wp:attachment":[{"href":"https:\/\/fil.ee\/uus\/wp-json\/wp\/v2\/media?parent=1288"}],"wp:term":[{"taxonomy":"product_brand","embeddable":true,"href":"https:\/\/fil.ee\/uus\/wp-json\/wp\/v2\/product_brand?post=1288"},{"taxonomy":"product_cat","embeddable":true,"href":"https:\/\/fil.ee\/uus\/wp-json\/wp\/v2\/product_cat?post=1288"},{"taxonomy":"product_tag","embeddable":true,"href":"https:\/\/fil.ee\/uus\/wp-json\/wp\/v2\/product_tag?post=1288"}],"curies":[{"name":"wp","href":"https:\/\/api.w.org\/{rel}","templated":true}]}}