{"id":1281,"date":"2021-02-24T13:46:34","date_gmt":"2021-02-24T11:46:34","guid":{"rendered":"https:\/\/fil.ee\/uus\/?post_type=product&#038;p=1281"},"modified":"2023-07-26T22:46:11","modified_gmt":"2023-07-26T19:46:11","slug":"noiakatel-i-raamat","status":"publish","type":"product","link":"https:\/\/fil.ee\/uus\/toode\/noiakatel-i-raamat\/","title":{"rendered":"N\u00f5iakatel I raamat"},"content":{"rendered":"<p>2021. aasta 25. veebruaril ilmus meie kirjastuselt uus lasteraamat, Kaili Retsnik &#8220;N\u00f5iakatel&#8221; I osa. Raamat on k\u00f5vade kaante ja v\u00e4rvilise sisuga. Raamatu m\u00f5\u00f5dud on 148&#215;210 mm, maht 68 lehek\u00fclge. Toimetas Heli Hallik, illustreeris Jana Valge, k\u00fcljendas ja kaaned kujundas Vallo Hallik.<\/p>\n<p style=\"text-align: justify;\"><strong>Raamatu tutvustus:<br \/>\n<\/strong>Raamat r\u00e4\u00e4gib t\u00fcdrukust nimega Piibe, kes elab metsas ja on imeline n\u00f5iatar. Tal on oma n\u00f5iakatel, mille abil ta saab aidata inimesi, loomi ja loodust. Raamat tutvustab taimede kasulikkust ja selles toimub ka imesid.<br \/>\nSuure silmaringi ja siira s\u00fcdamega pakub Piibe teistele abi ning oma positiivse suhtumisega muudab ta igap\u00e4evase elu paremaks. Armastus p\u00e4\u00e4stab maailma.<br \/>\nEi ole lahendamata muret, on vaid piiratud m\u00f5tlemine. Imed juhtuvad iga p\u00e4ev just nendega, kes usuvad imedesse. Iga p\u00e4ev on metsas uued seiklused. Tule ja avasta koos Piibega elu metsas.<\/p>\n<p>Raamatusse sisse vaatamiseks kl\u00f5psa <a href=\"https:\/\/fil.ee\/sisu\/Noiakatel_esimesed_15.pdf\">siia<\/a>.<\/p>\n","protected":false},"excerpt":{"rendered":"<p>2021. aasta 25. veebruaril ilmus meie kirjastuselt uus lasteraamat, Kaili Retsnik &#8220;N\u00f5iakatel&#8221; I osa. Raamat on k\u00f5vade kaante ja v\u00e4rvilise sisuga. Raamatu m\u00f5\u00f5dud on 148&#215;210 mm, maht 68 lehek\u00fclge. Toimetas Heli Hallik, illustreeris Jana Valge, k\u00fcljendas ja kaaned kujundas Vallo Hallik. Raamatu tutvustus: Raamat r\u00e4\u00e4gib t\u00fcdrukust nimega Piibe, kes elab metsas ja on imeline n\u00f5iatar. [&hellip;]<\/p>\n","protected":false},"featured_media":1276,"comment_status":"open","ping_status":"closed","template":"","meta":[],"product_brand":[],"product_cat":[22,288],"product_tag":[],"class_list":{"0":"post-1281","1":"product","2":"type-product","3":"status-publish","4":"has-post-thumbnail","6":"product_cat-lastele","7":"product_cat-noortele","9":"first","10":"instock","11":"sale","12":"taxable","13":"shipping-taxable","14":"purchasable","15":"product-type-simple"},"_links":{"self":[{"href":"https:\/\/fil.ee\/uus\/wp-json\/wp\/v2\/product\/1281","targetHints":{"allow":["GET"]}}],"collection":[{"href":"https:\/\/fil.ee\/uus\/wp-json\/wp\/v2\/product"}],"about":[{"href":"https:\/\/fil.ee\/uus\/wp-json\/wp\/v2\/types\/product"}],"replies":[{"embeddable":true,"href":"https:\/\/fil.ee\/uus\/wp-json\/wp\/v2\/comments?post=1281"}],"wp:featuredmedia":[{"embeddable":true,"href":"https:\/\/fil.ee\/uus\/wp-json\/wp\/v2\/media\/1276"}],"wp:attachment":[{"href":"https:\/\/fil.ee\/uus\/wp-json\/wp\/v2\/media?parent=1281"}],"wp:term":[{"taxonomy":"product_brand","embeddable":true,"href":"https:\/\/fil.ee\/uus\/wp-json\/wp\/v2\/product_brand?post=1281"},{"taxonomy":"product_cat","embeddable":true,"href":"https:\/\/fil.ee\/uus\/wp-json\/wp\/v2\/product_cat?post=1281"},{"taxonomy":"product_tag","embeddable":true,"href":"https:\/\/fil.ee\/uus\/wp-json\/wp\/v2\/product_tag?post=1281"}],"curies":[{"name":"wp","href":"https:\/\/api.w.org\/{rel}","templated":true}]}}