{"id":1274,"date":"2021-02-17T10:17:32","date_gmt":"2021-02-17T08:17:32","guid":{"rendered":"https:\/\/fil.ee\/uus\/?post_type=product&#038;p=1274"},"modified":"2023-07-26T22:47:39","modified_gmt":"2023-07-26T19:47:39","slug":"armastus-kondis-meist-mooda","status":"publish","type":"product","link":"https:\/\/fil.ee\/uus\/toode\/armastus-kondis-meist-mooda\/","title":{"rendered":"Armastus k\u00f5ndis meist m\u00f6\u00f6da"},"content":{"rendered":"<p style=\"text-align: justify;\">2021. aasta 19. veebruaril ilmus meie kirjastuselt uus luuleraamat Julia Legatavit\u0161ute \u201cArmastus k\u00f5ndis meist m\u00f6\u00f6da\u201d. Raamat on pehmete kaante ja mustvalge sisuga. Raamatu m\u00f5\u00f5dud on 148\u00d7210 mm, maht 104 lehek\u00fclge. Toimetas Maire K\u00f5rver, fotode autor on Terje Talts, k\u00fcljendas ja kaaned kujundas Vallo Hallik.<\/p>\n<p style=\"text-align: justify;\"><strong>Raamatu tutvustus:<br \/>\n<\/strong>Julia Legatavit\u0161ute esimene luulekogu \u201cArmastus k\u00f5ndis meist m\u00f6\u00f6da\u201d on teekond l\u00e4bi armastuse mitmetasandilise olemuse. Siit leiab vastuolulisi tundeid salajastest igatsustest. Laenatud \u00f5nnest, pettumustest ja lootustest. S\u00fcda\u00f6iseid sisevaatlusi. S\u00f5nu, mis j\u00e4id \u00fctlemata.<\/p>\n<p style=\"text-align: justify;\">Intiimselt<br \/>\nvalusalt<br \/>\nehedalt<\/p>\n<p style=\"text-align: justify;\">k\u00f5ikidele<\/p>\n<p style=\"text-align: justify;\">unistajatele<br \/>\n(\u00fcle) m\u00f5tlejatele<br \/>\npiirideta armastajatele<\/p>\n<p>\u2014\u2014\u2014-<\/p>\n<p style=\"text-align: justify;\">\u201cNii naiselik, isiklik, eepiline, nukker, kaunis, s\u00fcgav, aimamisi. Puudutas ja k\u00f5netas mind.\u201d<\/p>\n<p style=\"text-align: justify;\">Urmas Lattikas<\/p>\n<p style=\"text-align: justify;\">\u2014\u2014\u2014-<\/p>\n<p style=\"text-align: justify;\">\u201cV\u00e4ikeste T\u00fcdrukute siirast ja puhast luulet on v\u00f5imatu arvustada. P\u00e4evikut, millesse on peidetud varjatumad m\u00f5tted, haigetsaamised ja kuivanud pisarad, salajased unistused ja muinasjutud, ei saa ju kritiseerida? V\u00f5ib olla vaid t\u00e4nulik, kui tekib v\u00f5imalus heita pilk sellesse v\u00f5lumaailma, kus \u00fcmbritsev ilu ja valu saab l\u00e4bi tundliku t\u00f5lgendaja s\u00f5nadeks. Luuleks, mille malbe erootika on kirglik, kuid leebelt endasse m\u00e4hkiv, \u00f5rnusega vallutav.\u201d<\/p>\n<p style=\"text-align: justify;\">Lauriito<\/p>\n<p>Raamatusse sisse vaatamiseks kl\u00f5psa <a href=\"https:\/\/fil.ee\/sisu\/Armastus_kondis_meist_mooda_esimesed_15.pdf\">siia<\/a>.<\/p>\n","protected":false},"excerpt":{"rendered":"<p>2021. aasta 19. veebruaril ilmus meie kirjastuselt uus luuleraamat Julia Legatavit\u0161ute \u201cArmastus k\u00f5ndis meist m\u00f6\u00f6da\u201d. Raamat on pehmete kaante ja mustvalge sisuga. Raamatu m\u00f5\u00f5dud on 148\u00d7210 mm, maht 104 lehek\u00fclge. Toimetas Maire K\u00f5rver, fotode autor on Terje Talts, k\u00fcljendas ja kaaned kujundas Vallo Hallik. Raamatu tutvustus: Julia Legatavit\u0161ute esimene luulekogu \u201cArmastus k\u00f5ndis meist m\u00f6\u00f6da\u201d on [&hellip;]<\/p>\n","protected":false},"featured_media":1275,"comment_status":"open","ping_status":"closed","template":"","meta":[],"product_brand":[],"product_cat":[23],"product_tag":[],"class_list":{"0":"post-1274","1":"product","2":"type-product","3":"status-publish","4":"has-post-thumbnail","6":"product_cat-luule","8":"first","9":"instock","10":"taxable","11":"shipping-taxable","12":"purchasable","13":"product-type-simple"},"_links":{"self":[{"href":"https:\/\/fil.ee\/uus\/wp-json\/wp\/v2\/product\/1274","targetHints":{"allow":["GET"]}}],"collection":[{"href":"https:\/\/fil.ee\/uus\/wp-json\/wp\/v2\/product"}],"about":[{"href":"https:\/\/fil.ee\/uus\/wp-json\/wp\/v2\/types\/product"}],"replies":[{"embeddable":true,"href":"https:\/\/fil.ee\/uus\/wp-json\/wp\/v2\/comments?post=1274"}],"wp:featuredmedia":[{"embeddable":true,"href":"https:\/\/fil.ee\/uus\/wp-json\/wp\/v2\/media\/1275"}],"wp:attachment":[{"href":"https:\/\/fil.ee\/uus\/wp-json\/wp\/v2\/media?parent=1274"}],"wp:term":[{"taxonomy":"product_brand","embeddable":true,"href":"https:\/\/fil.ee\/uus\/wp-json\/wp\/v2\/product_brand?post=1274"},{"taxonomy":"product_cat","embeddable":true,"href":"https:\/\/fil.ee\/uus\/wp-json\/wp\/v2\/product_cat?post=1274"},{"taxonomy":"product_tag","embeddable":true,"href":"https:\/\/fil.ee\/uus\/wp-json\/wp\/v2\/product_tag?post=1274"}],"curies":[{"name":"wp","href":"https:\/\/api.w.org\/{rel}","templated":true}]}}