{"id":1268,"date":"2021-01-28T11:42:19","date_gmt":"2021-01-28T09:42:19","guid":{"rendered":"https:\/\/fil.ee\/uus\/?post_type=product&#038;p=1268"},"modified":"2025-07-15T22:37:24","modified_gmt":"2025-07-15T19:37:24","slug":"kiisupoiss-tapi-ja-sobrad","status":"publish","type":"product","link":"https:\/\/fil.ee\/uus\/toode\/kiisupoiss-tapi-ja-sobrad\/","title":{"rendered":"Kiisupoiss T\u00e4pi ja s\u00f5brad"},"content":{"rendered":"<p style=\"text-align: justify;\">2021. aasta 28. jaanuaril ilmus meie kirjastuselt uus lasteraamat, Sander Seire \u201cKiisupoiss T\u00e4pi ja s\u00f5brad\u201d. Raamat on k\u00f5vade kaante ja v\u00e4rvilise sisuga, tekst kirjutatud tr\u00fckit\u00e4htedega. Raamatu m\u00f5\u00f5dud on 170\u00d7240 mm, maht 40 lehek\u00fclge. Toimetas Heli Hallik, illustreeris Jana Valge, k\u00fcljendas ja kaaned kujundas Vallo Hallik.<\/p>\n<p style=\"text-align: justify;\"><strong>Raamatu tutvustus:<br \/>\n<\/strong>V\u00c4IKE KOLLANE MAJA JA SELLES TOIMUVAD SEIKLUSED. LUSTAKAS KIISUPOISS T\u00c4PI, TORISEV VANA K\u00d5UTS KUTT, ULAKAS KASSIKE MUSTU, PRUUNISILMNE ARMAS KOERAKE MIKI JA LOOMULIKULT K\u00d5IKE N\u00c4RIV J\u00c4NKU TUPS.<br \/>\nRAAMATUS OLEVAD TEGELASED ON K\u00d5IK P\u00c4RISELT OLEMAS NING JUTUSTUSED ON P\u00c4RIT ELUST ENESEST.<\/p>\n<p>Raamatusse sisse vaatamiseks kl\u00f5psa <a href=\"https:\/\/fil.ee\/sisu\/Kiisupoiss_Tapi_ja_sobrad_esimesed_15.pdf\">siia<\/a>.<\/p>\n","protected":false},"excerpt":{"rendered":"<p>2021. aasta 28. jaanuaril ilmus meie kirjastuselt uus lasteraamat, Sander Seire \u201cKiisupoiss T\u00e4pi ja s\u00f5brad\u201d. Raamat on k\u00f5vade kaante ja v\u00e4rvilise sisuga, tekst kirjutatud tr\u00fckit\u00e4htedega. Raamatu m\u00f5\u00f5dud on 170\u00d7240 mm, maht 40 lehek\u00fclge. Toimetas Heli Hallik, illustreeris Jana Valge, k\u00fcljendas ja kaaned kujundas Vallo Hallik. Raamatu tutvustus: V\u00c4IKE KOLLANE MAJA JA SELLES TOIMUVAD SEIKLUSED. LUSTAKAS [&hellip;]<\/p>\n","protected":false},"featured_media":1265,"comment_status":"open","ping_status":"closed","template":"","meta":[],"product_brand":[],"product_cat":[286],"product_tag":[],"class_list":{"0":"post-1268","1":"product","2":"type-product","3":"status-publish","4":"has-post-thumbnail","6":"product_cat-archive","8":"first","9":"outofstock","10":"taxable","11":"shipping-taxable","12":"product-type-simple"},"_links":{"self":[{"href":"https:\/\/fil.ee\/uus\/wp-json\/wp\/v2\/product\/1268","targetHints":{"allow":["GET"]}}],"collection":[{"href":"https:\/\/fil.ee\/uus\/wp-json\/wp\/v2\/product"}],"about":[{"href":"https:\/\/fil.ee\/uus\/wp-json\/wp\/v2\/types\/product"}],"replies":[{"embeddable":true,"href":"https:\/\/fil.ee\/uus\/wp-json\/wp\/v2\/comments?post=1268"}],"wp:featuredmedia":[{"embeddable":true,"href":"https:\/\/fil.ee\/uus\/wp-json\/wp\/v2\/media\/1265"}],"wp:attachment":[{"href":"https:\/\/fil.ee\/uus\/wp-json\/wp\/v2\/media?parent=1268"}],"wp:term":[{"taxonomy":"product_brand","embeddable":true,"href":"https:\/\/fil.ee\/uus\/wp-json\/wp\/v2\/product_brand?post=1268"},{"taxonomy":"product_cat","embeddable":true,"href":"https:\/\/fil.ee\/uus\/wp-json\/wp\/v2\/product_cat?post=1268"},{"taxonomy":"product_tag","embeddable":true,"href":"https:\/\/fil.ee\/uus\/wp-json\/wp\/v2\/product_tag?post=1268"}],"curies":[{"name":"wp","href":"https:\/\/api.w.org\/{rel}","templated":true}]}}