{"id":1267,"date":"2021-01-28T11:38:54","date_gmt":"2021-01-28T09:38:54","guid":{"rendered":"https:\/\/fil.ee\/uus\/?post_type=product&#038;p=1267"},"modified":"2024-12-16T09:21:06","modified_gmt":"2024-12-16T07:21:06","slug":"minu-panus-tervisesse","status":"publish","type":"product","link":"https:\/\/fil.ee\/uus\/toode\/minu-panus-tervisesse\/","title":{"rendered":"Minu panus tervisesse"},"content":{"rendered":"<p>2021. aasta 28. jaanuaril ilmus meie kirjastuselt uus fotoraamat tervisesportlastest, Tiina Azojan \u201cMinu panus tervisesse\u201d. Raamat on k\u00f5vade kaante ja v\u00e4rvilise sisuga. Raamatu m\u00f5\u00f5dud on 200\u00d7140 mm, maht 40 lehek\u00fclge. Toimetas Heli Hallik, k\u00fcljendas ja kaaned kujundas Vallo Hallik.<\/p>\n<p><strong>Raamatu tutvustus:<br \/>\n<\/strong>\u201cMinu panus tervisesse\u201d on autori esimene raamat, mis tutvustab inimesi, kes tervistavate tegevustega tegelevad. Piltide k\u00f5rval tutvustavad end: kust kohast on nad p\u00e4rit, millega on tegelenud, kust tuli m\u00f5te, et sellega tegeleda ja mida pakub see tegevus neile tervise poole pealt. Ning mida on neil lugejale \u00f6elda.<\/p>\n<p>Raamatusse sisse vaatamiseks kl\u00f5psa <a href=\"https:\/\/fil.ee\/sisu\/Minu_panus_tervisesse_esimesed_15.pdf\">siia<\/a>.<\/p>\n","protected":false},"excerpt":{"rendered":"<p>2021. aasta 28. jaanuaril ilmus meie kirjastuselt uus fotoraamat tervisesportlastest, Tiina Azojan \u201cMinu panus tervisesse\u201d. Raamat on k\u00f5vade kaante ja v\u00e4rvilise sisuga. Raamatu m\u00f5\u00f5dud on 200\u00d7140 mm, maht 40 lehek\u00fclge. Toimetas Heli Hallik, k\u00fcljendas ja kaaned kujundas Vallo Hallik. Raamatu tutvustus: \u201cMinu panus tervisesse\u201d on autori esimene raamat, mis tutvustab inimesi, kes tervistavate tegevustega tegelevad. [&hellip;]<\/p>\n","protected":false},"featured_media":1259,"comment_status":"open","ping_status":"closed","template":"","meta":[],"product_brand":[],"product_cat":[286],"product_tag":[],"class_list":{"0":"post-1267","1":"product","2":"type-product","3":"status-publish","4":"has-post-thumbnail","6":"product_cat-archive","8":"first","9":"outofstock","10":"taxable","11":"shipping-taxable","12":"product-type-simple"},"_links":{"self":[{"href":"https:\/\/fil.ee\/uus\/wp-json\/wp\/v2\/product\/1267","targetHints":{"allow":["GET"]}}],"collection":[{"href":"https:\/\/fil.ee\/uus\/wp-json\/wp\/v2\/product"}],"about":[{"href":"https:\/\/fil.ee\/uus\/wp-json\/wp\/v2\/types\/product"}],"replies":[{"embeddable":true,"href":"https:\/\/fil.ee\/uus\/wp-json\/wp\/v2\/comments?post=1267"}],"wp:featuredmedia":[{"embeddable":true,"href":"https:\/\/fil.ee\/uus\/wp-json\/wp\/v2\/media\/1259"}],"wp:attachment":[{"href":"https:\/\/fil.ee\/uus\/wp-json\/wp\/v2\/media?parent=1267"}],"wp:term":[{"taxonomy":"product_brand","embeddable":true,"href":"https:\/\/fil.ee\/uus\/wp-json\/wp\/v2\/product_brand?post=1267"},{"taxonomy":"product_cat","embeddable":true,"href":"https:\/\/fil.ee\/uus\/wp-json\/wp\/v2\/product_cat?post=1267"},{"taxonomy":"product_tag","embeddable":true,"href":"https:\/\/fil.ee\/uus\/wp-json\/wp\/v2\/product_tag?post=1267"}],"curies":[{"name":"wp","href":"https:\/\/api.w.org\/{rel}","templated":true}]}}