{"id":1249,"date":"2020-12-14T23:44:29","date_gmt":"2020-12-14T21:44:29","guid":{"rendered":"https:\/\/fil.ee\/uus\/?post_type=product&#038;p=1249"},"modified":"2023-07-26T22:51:49","modified_gmt":"2023-07-26T19:51:49","slug":"mullitaja","status":"publish","type":"product","link":"https:\/\/fil.ee\/uus\/toode\/mullitaja\/","title":{"rendered":"Mullitaja"},"content":{"rendered":"<p>2020. aasta 22. detsembril ilmus meie kirjastuselt uus lasteraamat, Maria Lepmaa &#8220;Mullitaja&#8221;. Raamat on k\u00f5vade kaante ja v\u00e4rvilise sisuga. Raamatu formaat on A5, maht 40 lehek\u00fclge. Toimetas Irene \u00d5mblus, k\u00fcljendas ja kaaned kujundas Vallo Hallik.<\/p>\n<p><strong>Raamatu tutvustus:<br \/>\n<\/strong>Marleen on armas viieaastane t\u00fcdruk. Tema lemmikm\u00e4ng on\u00a0 mullitajast mulle puhuda. Marleenil on k\u00fcmme aastat vanem \u00f5de Greete. Temale meeldib k\u00f5ige rohkem telefoniga ennast pildistada. Marleeni ema uurib oma telefonist, mida s\u00f5brannad teevad. M\u00f5nikord on Marleenil tunne, et kellelgi ei ole tema jaoks aega &#8230;<\/p>\n<p>Raamatusse sisse vaatamiseks kl\u00f5psa <a href=\"https:\/\/fil.ee\/sisu\/Mullitaja_esimesed_15.pdf\">siia<\/a>.<\/p>\n","protected":false},"excerpt":{"rendered":"<p>2020. aasta 22. detsembril ilmus meie kirjastuselt uus lasteraamat, Maria Lepmaa &#8220;Mullitaja&#8221;. Raamat on k\u00f5vade kaante ja v\u00e4rvilise sisuga. Raamatu formaat on A5, maht 40 lehek\u00fclge. Toimetas Irene \u00d5mblus, k\u00fcljendas ja kaaned kujundas Vallo Hallik. Raamatu tutvustus: Marleen on armas viieaastane t\u00fcdruk. Tema lemmikm\u00e4ng on\u00a0 mullitajast mulle puhuda. Marleenil on k\u00fcmme aastat vanem \u00f5de Greete. [&hellip;]<\/p>\n","protected":false},"featured_media":1247,"comment_status":"open","ping_status":"closed","template":"","meta":[],"product_brand":[],"product_cat":[22],"product_tag":[],"class_list":{"0":"post-1249","1":"product","2":"type-product","3":"status-publish","4":"has-post-thumbnail","6":"product_cat-lastele","8":"first","9":"instock","10":"taxable","11":"shipping-taxable","12":"purchasable","13":"product-type-simple"},"_links":{"self":[{"href":"https:\/\/fil.ee\/uus\/wp-json\/wp\/v2\/product\/1249","targetHints":{"allow":["GET"]}}],"collection":[{"href":"https:\/\/fil.ee\/uus\/wp-json\/wp\/v2\/product"}],"about":[{"href":"https:\/\/fil.ee\/uus\/wp-json\/wp\/v2\/types\/product"}],"replies":[{"embeddable":true,"href":"https:\/\/fil.ee\/uus\/wp-json\/wp\/v2\/comments?post=1249"}],"wp:featuredmedia":[{"embeddable":true,"href":"https:\/\/fil.ee\/uus\/wp-json\/wp\/v2\/media\/1247"}],"wp:attachment":[{"href":"https:\/\/fil.ee\/uus\/wp-json\/wp\/v2\/media?parent=1249"}],"wp:term":[{"taxonomy":"product_brand","embeddable":true,"href":"https:\/\/fil.ee\/uus\/wp-json\/wp\/v2\/product_brand?post=1249"},{"taxonomy":"product_cat","embeddable":true,"href":"https:\/\/fil.ee\/uus\/wp-json\/wp\/v2\/product_cat?post=1249"},{"taxonomy":"product_tag","embeddable":true,"href":"https:\/\/fil.ee\/uus\/wp-json\/wp\/v2\/product_tag?post=1249"}],"curies":[{"name":"wp","href":"https:\/\/api.w.org\/{rel}","templated":true}]}}