{"id":1244,"date":"2020-12-09T20:05:46","date_gmt":"2020-12-09T18:05:46","guid":{"rendered":"https:\/\/fil.ee\/uus\/?post_type=product&#038;p=1244"},"modified":"2023-07-26T22:54:56","modified_gmt":"2023-07-26T19:54:56","slug":"nii-palju-kurjust","status":"publish","type":"product","link":"https:\/\/fil.ee\/uus\/toode\/nii-palju-kurjust\/","title":{"rendered":"Nii palju kurjust"},"content":{"rendered":"<p style=\"text-align: justify;\">2020. aasta 16. detsembril ilmus meie kirjastuselt uus raamat, Silja Vaher &#8220;Nii palju kurjust&#8221;. Raamat on k\u00f5vade kaante ja mustvalge sisuga. Raamatu formaat on A5, maht 256 lehek\u00fclge. Toimetas Irene \u00d5mblus, k\u00fcljendas Vallo Hallik ja kaaned kujundas Jaan Lehismets.<\/p>\n<p style=\"text-align: justify;\"><strong>Raamatu tutvustus:<br \/>\n<\/strong>&#8230; &#8220;Inimene on tapetud. Noor naine. Metsas,&#8221; suudab Laura \u00f6elda ja minestab.<br \/>\nTanel t\u00f5stab neiu s\u00fclle, viib tuppa ning astab diivanile. Seej\u00e4rel l\u00e4heb ta kiiresti k\u00f6\u00f6ki, laseb klaasi k\u00fclma vett ja ruttab tagasi. T\u00fcdruku pead veidi \u00fclespoole kergitades t\u00f5stab Tanel klaasi neiu suu juurde. Toibudes r\u00fc\u00fcpab Laura paar lonksu, vaatab mehele otsa ja \u00fctleb uuesti: &#8220;Naine &#8230; tapetud.&#8221; &#8230;<br \/>\nLaura n\u00e4gemusest saab alguse s\u00fcndmustejada, kus vahelduvad tegelased ja kahtlusalused. Ootamatud p\u00f6\u00f6rded lisavad p\u00f5nevust ja t\u00f5eline s\u00fc\u00fcdlane selgub alles \u00fcsna raamatu l\u00f5pus.<br \/>\n&#8220;Nii palju kurjust&#8221; on j\u00e4rg raamatule &#8220;Uurija&#8221;.<\/p>\n<p>Raamatusse sisse vaatamiseks kl\u00f5psa <a href=\"https:\/\/fil.ee\/sisu\/Nii_palju_kurjust_esimesed_15.pdf\">siia<\/a>.<\/p>\n","protected":false},"excerpt":{"rendered":"<p>2020. aasta 16. detsembril ilmus meie kirjastuselt uus raamat, Silja Vaher &#8220;Nii palju kurjust&#8221;. Raamat on k\u00f5vade kaante ja mustvalge sisuga. Raamatu formaat on A5, maht 256 lehek\u00fclge. Toimetas Irene \u00d5mblus, k\u00fcljendas Vallo Hallik ja kaaned kujundas Jaan Lehismets. Raamatu tutvustus: &#8230; &#8220;Inimene on tapetud. Noor naine. Metsas,&#8221; suudab Laura \u00f6elda ja minestab. Tanel t\u00f5stab [&hellip;]<\/p>\n","protected":false},"featured_media":1240,"comment_status":"open","ping_status":"closed","template":"","meta":[],"product_brand":[],"product_cat":[19,21],"product_tag":[],"class_list":{"0":"post-1244","1":"product","2":"type-product","3":"status-publish","4":"has-post-thumbnail","6":"product_cat-ilukirjandus","7":"product_cat-kriminaalromaan","9":"first","10":"instock","11":"taxable","12":"shipping-taxable","13":"purchasable","14":"product-type-simple"},"_links":{"self":[{"href":"https:\/\/fil.ee\/uus\/wp-json\/wp\/v2\/product\/1244","targetHints":{"allow":["GET"]}}],"collection":[{"href":"https:\/\/fil.ee\/uus\/wp-json\/wp\/v2\/product"}],"about":[{"href":"https:\/\/fil.ee\/uus\/wp-json\/wp\/v2\/types\/product"}],"replies":[{"embeddable":true,"href":"https:\/\/fil.ee\/uus\/wp-json\/wp\/v2\/comments?post=1244"}],"wp:featuredmedia":[{"embeddable":true,"href":"https:\/\/fil.ee\/uus\/wp-json\/wp\/v2\/media\/1240"}],"wp:attachment":[{"href":"https:\/\/fil.ee\/uus\/wp-json\/wp\/v2\/media?parent=1244"}],"wp:term":[{"taxonomy":"product_brand","embeddable":true,"href":"https:\/\/fil.ee\/uus\/wp-json\/wp\/v2\/product_brand?post=1244"},{"taxonomy":"product_cat","embeddable":true,"href":"https:\/\/fil.ee\/uus\/wp-json\/wp\/v2\/product_cat?post=1244"},{"taxonomy":"product_tag","embeddable":true,"href":"https:\/\/fil.ee\/uus\/wp-json\/wp\/v2\/product_tag?post=1244"}],"curies":[{"name":"wp","href":"https:\/\/api.w.org\/{rel}","templated":true}]}}