{"id":1234,"date":"2020-12-01T09:23:17","date_gmt":"2020-12-01T07:23:17","guid":{"rendered":"https:\/\/fil.ee\/uus\/?post_type=product&#038;p=1234"},"modified":"2026-04-24T20:46:48","modified_gmt":"2026-04-24T17:46:48","slug":"printsess-lualoke-teise-ise-tegemised","status":"publish","type":"product","link":"https:\/\/fil.ee\/uus\/toode\/printsess-lualoke-teise-ise-tegemised\/","title":{"rendered":"Printsess Lualoke Teise Ise tegemised"},"content":{"rendered":"<p style=\"text-align: justify;\">2020. aasta 1. detsembril ilmus meie kirjastuselt uus raamat, Leonhard J\u00e4rvis &#8220;Printsess Lualoke Teise Ise tegemised&#8221;. Raamat on k\u00f5vade kaante ja mustvalge sisuga. Raamatu formaat on A5, maht 404 lehek\u00fclge. Toimetas Maire K\u00f5rver, k\u00fcljendas Vallo Hallik ja kaaned kujundas Uku J\u00e4rvis.<\/p>\n<p style=\"text-align: justify;\"><strong>Raamatu tutvustus:<br \/>\n<\/strong>Selle \u00fche raamatuga saad sa terve riiulit\u00e4ie raamatuid. Tekst on nii mitmekihiline, et v\u00f5id \u00fchte ja sedasama peat\u00fckki uuesti ja uuesti lugeda ja ikka ei ole k\u00f5ik loetud. Lugedes hakkad n\u00e4gema iseenda ja oma elu justkui pidurdamatut kaleidoskoopilist muutumist. N\u00e4ed seda, mis on varem olnud ja seda, mis on tulemas, ja n\u00e4ed seda k\u00f5ike korraga praeguses hetkes, siinsamas. N\u00e4ed, mida oled teinud ja mida hakkad tegema. \u201ePrintsess Lualoke Teise Ise tegemised\u201c v\u00f5iks sobida nii ulmet eelistavale lugejale kui ka sellele, kes soovib lugedes kaasa arutleda filosoofilises dialoogis. Ka sobib see h\u00e4sti reisikirjade v\u00f5i seiklusjuttude huvilisele. Lihtsalt alusta ja sa oledki valitud osa saama peadp\u00f6\u00f6ritavast loost. Sa ei pea m\u00f5tlema, kas see on p\u00e4ris. Tee lihtsalt kaasa.<br \/>\nKerttu Soans, kirjanik<\/p>\n<p>Raamatusse sisse vaatamiseks kl\u00f5psa <a href=\"https:\/\/fil.ee\/sisu\/Printsess_Lualoke_esimesed_15.pdf\">siia<\/a>.<\/p>\n","protected":false},"excerpt":{"rendered":"<p>2020. aasta 1. detsembril ilmus meie kirjastuselt uus raamat, Leonhard J\u00e4rvis &#8220;Printsess Lualoke Teise Ise tegemised&#8221;. Raamat on k\u00f5vade kaante ja mustvalge sisuga. Raamatu formaat on A5, maht 404 lehek\u00fclge. Toimetas Maire K\u00f5rver, k\u00fcljendas Vallo Hallik ja kaaned kujundas Uku J\u00e4rvis. Raamatu tutvustus: Selle \u00fche raamatuga saad sa terve riiulit\u00e4ie raamatuid. Tekst on nii mitmekihiline, [&hellip;]<\/p>\n","protected":false},"featured_media":1228,"comment_status":"open","ping_status":"closed","template":"","meta":[],"product_brand":[],"product_cat":[17,19],"product_tag":[],"class_list":{"0":"post-1234","1":"product","2":"type-product","3":"status-publish","4":"has-post-thumbnail","6":"product_cat-esoteerika","7":"product_cat-ilukirjandus","9":"first","10":"instock","11":"taxable","12":"shipping-taxable","13":"purchasable","14":"product-type-simple"},"_links":{"self":[{"href":"https:\/\/fil.ee\/uus\/wp-json\/wp\/v2\/product\/1234","targetHints":{"allow":["GET"]}}],"collection":[{"href":"https:\/\/fil.ee\/uus\/wp-json\/wp\/v2\/product"}],"about":[{"href":"https:\/\/fil.ee\/uus\/wp-json\/wp\/v2\/types\/product"}],"replies":[{"embeddable":true,"href":"https:\/\/fil.ee\/uus\/wp-json\/wp\/v2\/comments?post=1234"}],"wp:featuredmedia":[{"embeddable":true,"href":"https:\/\/fil.ee\/uus\/wp-json\/wp\/v2\/media\/1228"}],"wp:attachment":[{"href":"https:\/\/fil.ee\/uus\/wp-json\/wp\/v2\/media?parent=1234"}],"wp:term":[{"taxonomy":"product_brand","embeddable":true,"href":"https:\/\/fil.ee\/uus\/wp-json\/wp\/v2\/product_brand?post=1234"},{"taxonomy":"product_cat","embeddable":true,"href":"https:\/\/fil.ee\/uus\/wp-json\/wp\/v2\/product_cat?post=1234"},{"taxonomy":"product_tag","embeddable":true,"href":"https:\/\/fil.ee\/uus\/wp-json\/wp\/v2\/product_tag?post=1234"}],"curies":[{"name":"wp","href":"https:\/\/api.w.org\/{rel}","templated":true}]}}