{"id":1217,"date":"2020-11-06T00:02:34","date_gmt":"2020-11-05T22:02:34","guid":{"rendered":"https:\/\/fil.ee\/uus\/?post_type=product&#038;p=1217"},"modified":"2023-07-26T23:01:45","modified_gmt":"2023-07-26T20:01:45","slug":"luuletaja","status":"publish","type":"product","link":"https:\/\/fil.ee\/uus\/toode\/luuletaja\/","title":{"rendered":"Luuletaja"},"content":{"rendered":"<p style=\"text-align: justify;\">2020. aasta 6. novembril ilmus meie kirjastuselt uus luulekogu Margit Peterson \u201cLuuletaja\u201d. Raamat on pehmete kaante ja mustvalge sisuga. Raamatu formaat on A5, maht 128 lehek\u00fclge. Toimetas Irene \u00d5mblus, k\u00fcljendas ja kaaned kujundas Vallo Hallik.<\/p>\n<p style=\"text-align: justify;\"><strong>Raamatu tutvustus:<br \/>\n<\/strong>Luule ei ole ainult mesimagus s\u00f5nadem\u00e4ng. See on emotsioon, mis tuleb luuletaja s\u00fcdamest ja v\u00e4ljendab antud hetke hingeseisundit. Sinu jaoks, armas lugeja, on minu k\u00fcmnendas luuleraamatus julgeid v\u00e4lja\u00fctlemisi, romantikat, maailmavalu, leina, armastust, igatsust, minevikunostalgiat, tulevikuhirmu, lapsep\u00f5lvem\u00e4lestusi ja palju muudki.<br \/>\nMinu luule k\u00fcpseb iga aastaga ja ma muutun oma s\u00f5nade suhtes \u00fcha kriitilisemaks. Elugi on samasugune, ei saa l\u00e4bi t\u00f5usude ja m\u00f5\u00f5nadeta.<br \/>\nSelle raamatu p\u00fchendan oma armsale Emale, ja ka Sulle, mu kallis lugeja.<br \/>\nArmastusega Margit<\/p>\n<p>Raamatusse sisse vaatamiseks kl\u00f5psa<a href=\"https:\/\/fil.ee\/sisu\/Luuletaja_esimesed_15.pdf\"> siia<\/a>.<\/p>\n","protected":false},"excerpt":{"rendered":"<p>2020. aasta 6. novembril ilmus meie kirjastuselt uus luulekogu Margit Peterson \u201cLuuletaja\u201d. Raamat on pehmete kaante ja mustvalge sisuga. Raamatu formaat on A5, maht 128 lehek\u00fclge. Toimetas Irene \u00d5mblus, k\u00fcljendas ja kaaned kujundas Vallo Hallik. Raamatu tutvustus: Luule ei ole ainult mesimagus s\u00f5nadem\u00e4ng. See on emotsioon, mis tuleb luuletaja s\u00fcdamest ja v\u00e4ljendab antud hetke hingeseisundit. [&hellip;]<\/p>\n","protected":false},"featured_media":1218,"comment_status":"open","ping_status":"closed","template":"","meta":[],"product_brand":[],"product_cat":[23],"product_tag":[],"class_list":{"0":"post-1217","1":"product","2":"type-product","3":"status-publish","4":"has-post-thumbnail","6":"product_cat-luule","8":"first","9":"instock","10":"taxable","11":"shipping-taxable","12":"purchasable","13":"product-type-simple"},"_links":{"self":[{"href":"https:\/\/fil.ee\/uus\/wp-json\/wp\/v2\/product\/1217","targetHints":{"allow":["GET"]}}],"collection":[{"href":"https:\/\/fil.ee\/uus\/wp-json\/wp\/v2\/product"}],"about":[{"href":"https:\/\/fil.ee\/uus\/wp-json\/wp\/v2\/types\/product"}],"replies":[{"embeddable":true,"href":"https:\/\/fil.ee\/uus\/wp-json\/wp\/v2\/comments?post=1217"}],"wp:featuredmedia":[{"embeddable":true,"href":"https:\/\/fil.ee\/uus\/wp-json\/wp\/v2\/media\/1218"}],"wp:attachment":[{"href":"https:\/\/fil.ee\/uus\/wp-json\/wp\/v2\/media?parent=1217"}],"wp:term":[{"taxonomy":"product_brand","embeddable":true,"href":"https:\/\/fil.ee\/uus\/wp-json\/wp\/v2\/product_brand?post=1217"},{"taxonomy":"product_cat","embeddable":true,"href":"https:\/\/fil.ee\/uus\/wp-json\/wp\/v2\/product_cat?post=1217"},{"taxonomy":"product_tag","embeddable":true,"href":"https:\/\/fil.ee\/uus\/wp-json\/wp\/v2\/product_tag?post=1217"}],"curies":[{"name":"wp","href":"https:\/\/api.w.org\/{rel}","templated":true}]}}