{"id":1214,"date":"2020-11-02T09:43:57","date_gmt":"2020-11-02T07:43:57","guid":{"rendered":"https:\/\/fil.ee\/uus\/?post_type=product&#038;p=1214"},"modified":"2023-07-26T23:10:55","modified_gmt":"2023-07-26T20:10:55","slug":"introverdi-kaitseala","status":"publish","type":"product","link":"https:\/\/fil.ee\/uus\/toode\/introverdi-kaitseala\/","title":{"rendered":"Introverdi kaitseala"},"content":{"rendered":"<p style=\"text-align: justify;\">2020. aasta 2. novembril ilmus meie kirjastuselt uus raamat Anneli Lamp \u201cIntroverdi kaitseala\u201d. Raamat on pehmete kaante ja mustvalge sisuga. Raamatu formaat on A5, maht 288 lehek\u00fclge. Toimetas Heli Hallik, k\u00fcljendas ja kaaned kujundas Vallo Hallik.<\/p>\n<p style=\"text-align: justify;\"><strong>Raamatu tutvustus:<br \/>\n<\/strong>Introvert (vahel depressiivne ja \u00fclitundlik) vajab privaatsust ja palju ruumi ning \u00fcsna v\u00e4he v\u00e4liseid stiimuleid, sest aju erutustase on niigi k\u00f5rge. Ta v\u00e4sib ruttu. K\u00f5ige enam kurnavad vaimu ja f\u00fc\u00fcsist emotsioonid (ka positiivsed) ning suhtlemine ekstravertsete inimestega. \u00d5nneks aitavad huumorimeel, eneseiroonia ja s\u00fcdamet\u00e4iega sajatamine eluga toime tulla.<br \/>\nRaamatus on assotsiatsioone, kirjeldusi, meenutusi, meeleolusid, heietusi ning inimesi. Nimega ja nimeta. Otse v\u00f5i kaude. V\u00f5imalik, et Sinagi \u2026 Lugedes leiad.<\/p>\n<p>Raamatusse sisse vaatamiseks kl\u00f5psa <a href=\"https:\/\/fil.ee\/sisu\/Introverdi_kaitseala_esimesed_15.pdf\">siia<\/a>.<\/p>\n","protected":false},"excerpt":{"rendered":"<p>2020. aasta 2. novembril ilmus meie kirjastuselt uus raamat Anneli Lamp \u201cIntroverdi kaitseala\u201d. Raamat on pehmete kaante ja mustvalge sisuga. Raamatu formaat on A5, maht 288 lehek\u00fclge. Toimetas Heli Hallik, k\u00fcljendas ja kaaned kujundas Vallo Hallik. Raamatu tutvustus: Introvert (vahel depressiivne ja \u00fclitundlik) vajab privaatsust ja palju ruumi ning \u00fcsna v\u00e4he v\u00e4liseid stiimuleid, sest aju [&hellip;]<\/p>\n","protected":false},"featured_media":1211,"comment_status":"open","ping_status":"closed","template":"","meta":[],"product_brand":[],"product_cat":[286],"product_tag":[],"class_list":{"0":"post-1214","1":"product","2":"type-product","3":"status-publish","4":"has-post-thumbnail","6":"product_cat-archive","8":"first","9":"outofstock","10":"taxable","11":"shipping-taxable","12":"product-type-simple"},"_links":{"self":[{"href":"https:\/\/fil.ee\/uus\/wp-json\/wp\/v2\/product\/1214","targetHints":{"allow":["GET"]}}],"collection":[{"href":"https:\/\/fil.ee\/uus\/wp-json\/wp\/v2\/product"}],"about":[{"href":"https:\/\/fil.ee\/uus\/wp-json\/wp\/v2\/types\/product"}],"replies":[{"embeddable":true,"href":"https:\/\/fil.ee\/uus\/wp-json\/wp\/v2\/comments?post=1214"}],"wp:featuredmedia":[{"embeddable":true,"href":"https:\/\/fil.ee\/uus\/wp-json\/wp\/v2\/media\/1211"}],"wp:attachment":[{"href":"https:\/\/fil.ee\/uus\/wp-json\/wp\/v2\/media?parent=1214"}],"wp:term":[{"taxonomy":"product_brand","embeddable":true,"href":"https:\/\/fil.ee\/uus\/wp-json\/wp\/v2\/product_brand?post=1214"},{"taxonomy":"product_cat","embeddable":true,"href":"https:\/\/fil.ee\/uus\/wp-json\/wp\/v2\/product_cat?post=1214"},{"taxonomy":"product_tag","embeddable":true,"href":"https:\/\/fil.ee\/uus\/wp-json\/wp\/v2\/product_tag?post=1214"}],"curies":[{"name":"wp","href":"https:\/\/api.w.org\/{rel}","templated":true}]}}