{"id":1213,"date":"2020-11-02T09:38:17","date_gmt":"2020-11-02T07:38:17","guid":{"rendered":"https:\/\/fil.ee\/uus\/?post_type=product&#038;p=1213"},"modified":"2023-07-26T23:12:42","modified_gmt":"2023-07-26T20:12:42","slug":"joulud-juulis","status":"publish","type":"product","link":"https:\/\/fil.ee\/uus\/toode\/joulud-juulis\/","title":{"rendered":"J\u00f5ulud juulis"},"content":{"rendered":"<p>2020. aasta 2. novembril ilmus meie kirjastuselt uus raamat Lea Jaanimaa \u201cJ\u00f5ulud juulis\u201d. Raamat on k\u00f5vade kaante ja mustvalge sisuga. Raamatu formaat on A5, maht 232 lehek\u00fclge.<\/p>\n<p style=\"text-align: justify;\"><strong>Raamatu tutvustus:<br \/>\n<\/strong>Ootamatusteks pole me keegi nii valmis, et oma eluga joonelt edasi minna.<br \/>\nLugu r\u00e4\u00e4gib \u00fche mahaj\u00e4etud noore naise Eleriini v\u00e4ga kiire tempoga kulgenud aastasest perioodist. Viimane pool aastast satub aega, kus mitte keegi mitte midagi ei tea. P\u00e4eval, mil kuulutatakse v\u00e4lja \u00fclemaailmne pandeemia ning Eestis eriolukord, valib Eleriin oma Itaaliast haigena saabunud \u00fclemuse peitmiseks saladustest tiine Kesk-Eesti metsatalu. Rahu asemel seab ta ohtu paljude inimeste elud. Mis selles metsatalus ikkagi toimub? Mis seos on hiigelsuurel kasvuhoonel ja kavandatud kahel atentaadil? Eriolukorra l\u00f5ppedes, kui ennustatakse s\u00fcgisese teise laine tulekut, peavad loo kangelased, \u00fcks edukas eksklusiivseid br\u00e4ndikaupu m\u00fc\u00fcv firma ja bussit\u00e4is Soome pension\u00e4re maha \u00fche korraliku j\u00f5ulupeo. Etteulatuvalt juulis ja ikka metsatalus.<\/p>\n<p>Raamatusse sisse vaatamiseks kl\u00f5psa <a href=\"https:\/\/fil.ee\/sisu\/Joulud_juulis_esimesed_15.pdf\">siia<\/a>.<\/p>\n","protected":false},"excerpt":{"rendered":"<p>2020. aasta 2. novembril ilmus meie kirjastuselt uus raamat Lea Jaanimaa \u201cJ\u00f5ulud juulis\u201d. Raamat on k\u00f5vade kaante ja mustvalge sisuga. Raamatu formaat on A5, maht 232 lehek\u00fclge. Raamatu tutvustus: Ootamatusteks pole me keegi nii valmis, et oma eluga joonelt edasi minna. Lugu r\u00e4\u00e4gib \u00fche mahaj\u00e4etud noore naise Eleriini v\u00e4ga kiire tempoga kulgenud aastasest perioodist. Viimane [&hellip;]<\/p>\n","protected":false},"featured_media":1210,"comment_status":"open","ping_status":"closed","template":"","meta":[],"product_brand":[],"product_cat":[19],"product_tag":[],"class_list":{"0":"post-1213","1":"product","2":"type-product","3":"status-publish","4":"has-post-thumbnail","6":"product_cat-ilukirjandus","8":"first","9":"outofstock","10":"taxable","11":"shipping-taxable","12":"product-type-simple"},"_links":{"self":[{"href":"https:\/\/fil.ee\/uus\/wp-json\/wp\/v2\/product\/1213","targetHints":{"allow":["GET"]}}],"collection":[{"href":"https:\/\/fil.ee\/uus\/wp-json\/wp\/v2\/product"}],"about":[{"href":"https:\/\/fil.ee\/uus\/wp-json\/wp\/v2\/types\/product"}],"replies":[{"embeddable":true,"href":"https:\/\/fil.ee\/uus\/wp-json\/wp\/v2\/comments?post=1213"}],"wp:featuredmedia":[{"embeddable":true,"href":"https:\/\/fil.ee\/uus\/wp-json\/wp\/v2\/media\/1210"}],"wp:attachment":[{"href":"https:\/\/fil.ee\/uus\/wp-json\/wp\/v2\/media?parent=1213"}],"wp:term":[{"taxonomy":"product_brand","embeddable":true,"href":"https:\/\/fil.ee\/uus\/wp-json\/wp\/v2\/product_brand?post=1213"},{"taxonomy":"product_cat","embeddable":true,"href":"https:\/\/fil.ee\/uus\/wp-json\/wp\/v2\/product_cat?post=1213"},{"taxonomy":"product_tag","embeddable":true,"href":"https:\/\/fil.ee\/uus\/wp-json\/wp\/v2\/product_tag?post=1213"}],"curies":[{"name":"wp","href":"https:\/\/api.w.org\/{rel}","templated":true}]}}