{"id":1209,"date":"2020-10-28T13:49:32","date_gmt":"2020-10-28T11:49:32","guid":{"rendered":"https:\/\/fil.ee\/uus\/?post_type=product&#038;p=1209"},"modified":"2023-07-26T23:15:06","modified_gmt":"2023-07-26T20:15:06","slug":"valguse-ja-pimeduse-piiril","status":"publish","type":"product","link":"https:\/\/fil.ee\/uus\/toode\/valguse-ja-pimeduse-piiril\/","title":{"rendered":"Valguse ja pimeduse piiril"},"content":{"rendered":"<p style=\"text-align: justify;\">2020. aasta 28. oktoobril ilmus meie kirjastuselt uus raamat, Raivo K\u00fctt \u201cValguse ja pimeduse piiril\u201d. Raamat on pehmete kaante ja mustvalge sisuga, selle formaat on A5, maht 172 lehek\u00fclge. Toimetas Irene \u00d5mblus, k\u00fcljendas ja kaaned kujundas Vallo Hallik.<\/p>\n<p style=\"text-align: justify;\"><strong>Raamatu tutvustus:<br \/>\n<\/strong>Raamat otsib vastuseid igavikulistele k\u00fcsimustele: mis on elu ja mis on surm, kes me oleme, kust me tuleme ja kuhu l\u00e4heme, ja mis on selle k\u00f5ige m\u00f5te. Teatud olukordades ja mingist elueast alates seisavad k\u00f5ik nende k\u00fcsimustega silmitsi, aga vastused, kui k\u00f5rgelttituleeritud allikast need ka ei p\u00e4rine, on \u00fcksteisele vastuk\u00e4ivad ja ei ole meile enamasti veenvad. Ka see raamat ei pretendeeri t\u00e4iusliku t\u00f5e kuulutamisele, kuid peaks panema lugeja m\u00f5tlema ja aitama tal leida vastuseid oma k\u00fcsimustele l\u00e4hemalt, kui ta seda aimatagi oskab \u2013 iseendast.<\/p>\n<p>Raamatusse sisse vaatamiseks kl\u00f5psa <a href=\"https:\/\/fil.ee\/sisu\/Valguse_ja_pimeduse_piiril_esimesed_15.pdf\">siia<\/a>.<\/p>\n","protected":false},"excerpt":{"rendered":"<p>2020. aasta 28. oktoobril ilmus meie kirjastuselt uus raamat, Raivo K\u00fctt \u201cValguse ja pimeduse piiril\u201d. Raamat on pehmete kaante ja mustvalge sisuga, selle formaat on A5, maht 172 lehek\u00fclge. Toimetas Irene \u00d5mblus, k\u00fcljendas ja kaaned kujundas Vallo Hallik. Raamatu tutvustus: Raamat otsib vastuseid igavikulistele k\u00fcsimustele: mis on elu ja mis on surm, kes me oleme, [&hellip;]<\/p>\n","protected":false},"featured_media":1206,"comment_status":"open","ping_status":"closed","template":"","meta":[],"product_brand":[],"product_cat":[19],"product_tag":[],"class_list":{"0":"post-1209","1":"product","2":"type-product","3":"status-publish","4":"has-post-thumbnail","6":"product_cat-ilukirjandus","8":"first","9":"instock","10":"taxable","11":"shipping-taxable","12":"purchasable","13":"product-type-simple"},"_links":{"self":[{"href":"https:\/\/fil.ee\/uus\/wp-json\/wp\/v2\/product\/1209","targetHints":{"allow":["GET"]}}],"collection":[{"href":"https:\/\/fil.ee\/uus\/wp-json\/wp\/v2\/product"}],"about":[{"href":"https:\/\/fil.ee\/uus\/wp-json\/wp\/v2\/types\/product"}],"replies":[{"embeddable":true,"href":"https:\/\/fil.ee\/uus\/wp-json\/wp\/v2\/comments?post=1209"}],"wp:featuredmedia":[{"embeddable":true,"href":"https:\/\/fil.ee\/uus\/wp-json\/wp\/v2\/media\/1206"}],"wp:attachment":[{"href":"https:\/\/fil.ee\/uus\/wp-json\/wp\/v2\/media?parent=1209"}],"wp:term":[{"taxonomy":"product_brand","embeddable":true,"href":"https:\/\/fil.ee\/uus\/wp-json\/wp\/v2\/product_brand?post=1209"},{"taxonomy":"product_cat","embeddable":true,"href":"https:\/\/fil.ee\/uus\/wp-json\/wp\/v2\/product_cat?post=1209"},{"taxonomy":"product_tag","embeddable":true,"href":"https:\/\/fil.ee\/uus\/wp-json\/wp\/v2\/product_tag?post=1209"}],"curies":[{"name":"wp","href":"https:\/\/api.w.org\/{rel}","templated":true}]}}