{"id":1198,"date":"2020-09-24T10:18:27","date_gmt":"2020-09-24T07:18:27","guid":{"rendered":"https:\/\/fil.ee\/uus\/?post_type=product&#038;p=1198"},"modified":"2023-11-29T14:51:25","modified_gmt":"2023-11-29T12:51:25","slug":"meie-pere-ohtujutud","status":"publish","type":"product","link":"https:\/\/fil.ee\/uus\/toode\/meie-pere-ohtujutud\/","title":{"rendered":"Meie pere \u00f5htujutud"},"content":{"rendered":"<p style=\"text-align: justify;\"><span style=\"font-family: 'times new roman', times, serif; font-size: 12pt;\">2020. aasta 24. septembril ilmus meie kirjastuselt uus lasteraamat, Leelo Naaber &#8220;Meie pere \u00f5htujutud&#8221;, mille v\u00e4ljaandmist toetas Eesti Kultuurkapital. Raamat on k\u00f5vade kaante ja v\u00e4rvilise sisuga. Tekst on kirjutatud tr\u00fckit\u00e4htedega. Raamatu formaat on A5, maht 24 lehek\u00fclge. Toimetas Heli Hallik, illustreeris Jana Valge, k\u00fcljendas ja kaaned kujundas Vallo Hallik.<\/span><\/p>\n<p style=\"text-align: justify;\"><span style=\"font-family: 'times new roman', times, serif; font-size: 12pt;\"><strong>Raamatu tutvustus:<br \/>\n<\/strong>&#8220;Meie pere \u00f5htujutud&#8221; on saanud alguse vajadusest oma lapsele pakkuda uusi ja ootamatu ning l\u00f5busa sisuga lugusid. Nendes lugudes on pildikesi meie elust ja ootamatult tabanud kujutlusv\u00f5imest, kui loo jutustamisega sai juba algust tehtud. Tere tulemast meie jutumaailma!<\/span><\/p>\n","protected":false},"excerpt":{"rendered":"<p>2020. aasta 24. septembril ilmus meie kirjastuselt uus lasteraamat, Leelo Naaber &#8220;Meie pere \u00f5htujutud&#8221;, mille v\u00e4ljaandmist toetas Eesti Kultuurkapital. Raamat on k\u00f5vade kaante ja v\u00e4rvilise sisuga. Tekst on kirjutatud tr\u00fckit\u00e4htedega. Raamatu formaat on A5, maht 24 lehek\u00fclge. Toimetas Heli Hallik, illustreeris Jana Valge, k\u00fcljendas ja kaaned kujundas Vallo Hallik. Raamatu tutvustus: &#8220;Meie pere \u00f5htujutud&#8221; on [&hellip;]<\/p>\n","protected":false},"featured_media":1194,"comment_status":"open","ping_status":"closed","template":"","meta":[],"product_brand":[],"product_cat":[22],"product_tag":[],"class_list":{"0":"post-1198","1":"product","2":"type-product","3":"status-publish","4":"has-post-thumbnail","6":"product_cat-lastele","8":"first","9":"instock","10":"taxable","11":"shipping-taxable","12":"purchasable","13":"product-type-simple"},"_links":{"self":[{"href":"https:\/\/fil.ee\/uus\/wp-json\/wp\/v2\/product\/1198","targetHints":{"allow":["GET"]}}],"collection":[{"href":"https:\/\/fil.ee\/uus\/wp-json\/wp\/v2\/product"}],"about":[{"href":"https:\/\/fil.ee\/uus\/wp-json\/wp\/v2\/types\/product"}],"replies":[{"embeddable":true,"href":"https:\/\/fil.ee\/uus\/wp-json\/wp\/v2\/comments?post=1198"}],"wp:featuredmedia":[{"embeddable":true,"href":"https:\/\/fil.ee\/uus\/wp-json\/wp\/v2\/media\/1194"}],"wp:attachment":[{"href":"https:\/\/fil.ee\/uus\/wp-json\/wp\/v2\/media?parent=1198"}],"wp:term":[{"taxonomy":"product_brand","embeddable":true,"href":"https:\/\/fil.ee\/uus\/wp-json\/wp\/v2\/product_brand?post=1198"},{"taxonomy":"product_cat","embeddable":true,"href":"https:\/\/fil.ee\/uus\/wp-json\/wp\/v2\/product_cat?post=1198"},{"taxonomy":"product_tag","embeddable":true,"href":"https:\/\/fil.ee\/uus\/wp-json\/wp\/v2\/product_tag?post=1198"}],"curies":[{"name":"wp","href":"https:\/\/api.w.org\/{rel}","templated":true}]}}