{"id":1190,"date":"2020-09-09T21:21:39","date_gmt":"2020-09-09T18:21:39","guid":{"rendered":"https:\/\/fil.ee\/uus\/?post_type=product&#038;p=1190"},"modified":"2023-02-01T12:04:23","modified_gmt":"2023-02-01T10:04:23","slug":"draakon-sadesaba","status":"publish","type":"product","link":"https:\/\/fil.ee\/uus\/toode\/draakon-sadesaba\/","title":{"rendered":"Draakon S\u00e4desaba"},"content":{"rendered":"<p style=\"text-align: justify;\">2020. aasta 10. septembril ilmus meie kirjastuselt uus lasteraamat Irina Kuli\u0161 &#8220;Draakon S\u00e4desaba&#8221;. Raamatu sisu on eelnevaga identne. See on k\u00f5vade kaante ja v\u00e4rvilise sisuga, selle formaat on B5 (landscape), maht 80 lehek\u00fclge. Eesti keelde t\u00f5lkis Heli Hallik, toimetas Maire K\u00f5rver, illustreeris Irina Kuli\u0161, k\u00fcljendas ja kaaned kujundas Vallo Hallik.<\/p>\n<p style=\"text-align: justify;\"><strong>Raamatu tutvustus:<br \/>\n<\/strong>Aeg, mil verejanulised draakonid laastasid linnu ja k\u00fclasid ning jahtisid printsesse, on ammu m\u00f6\u00f6das. T\u00e4nap\u00e4eval on nad targad, neile meeldivad muusika ja luule, ning et mitte kedagi rohkem hirmutada, kolisid nad elama k\u00f5rgele m\u00e4gedesse. Maailma salatarkuste avastamiseks, selle elanike m\u00f5istmiseks ja ise k\u00f5ige n\u00e4gemiseks lendas vallatu S\u00e4desaba laia maailma, sest lapsed saavad targaks ainult hoolega \u00f5ppides.<\/p>\n","protected":false},"excerpt":{"rendered":"<p>2020. aasta 10. septembril ilmus meie kirjastuselt uus lasteraamat Irina Kuli\u0161 &#8220;Draakon S\u00e4desaba&#8221;. Raamatu sisu on eelnevaga identne. See on k\u00f5vade kaante ja v\u00e4rvilise sisuga, selle formaat on B5 (landscape), maht 80 lehek\u00fclge. Eesti keelde t\u00f5lkis Heli Hallik, toimetas Maire K\u00f5rver, illustreeris Irina Kuli\u0161, k\u00fcljendas ja kaaned kujundas Vallo Hallik. Raamatu tutvustus: Aeg, mil verejanulised [&hellip;]<\/p>\n","protected":false},"featured_media":1191,"comment_status":"open","ping_status":"closed","template":"","meta":[],"product_brand":[],"product_cat":[22],"product_tag":[],"class_list":{"0":"post-1190","1":"product","2":"type-product","3":"status-publish","4":"has-post-thumbnail","6":"product_cat-lastele","8":"first","9":"instock","10":"taxable","11":"shipping-taxable","12":"purchasable","13":"product-type-simple"},"_links":{"self":[{"href":"https:\/\/fil.ee\/uus\/wp-json\/wp\/v2\/product\/1190","targetHints":{"allow":["GET"]}}],"collection":[{"href":"https:\/\/fil.ee\/uus\/wp-json\/wp\/v2\/product"}],"about":[{"href":"https:\/\/fil.ee\/uus\/wp-json\/wp\/v2\/types\/product"}],"replies":[{"embeddable":true,"href":"https:\/\/fil.ee\/uus\/wp-json\/wp\/v2\/comments?post=1190"}],"wp:featuredmedia":[{"embeddable":true,"href":"https:\/\/fil.ee\/uus\/wp-json\/wp\/v2\/media\/1191"}],"wp:attachment":[{"href":"https:\/\/fil.ee\/uus\/wp-json\/wp\/v2\/media?parent=1190"}],"wp:term":[{"taxonomy":"product_brand","embeddable":true,"href":"https:\/\/fil.ee\/uus\/wp-json\/wp\/v2\/product_brand?post=1190"},{"taxonomy":"product_cat","embeddable":true,"href":"https:\/\/fil.ee\/uus\/wp-json\/wp\/v2\/product_cat?post=1190"},{"taxonomy":"product_tag","embeddable":true,"href":"https:\/\/fil.ee\/uus\/wp-json\/wp\/v2\/product_tag?post=1190"}],"curies":[{"name":"wp","href":"https:\/\/api.w.org\/{rel}","templated":true}]}}