{"id":1180,"date":"2020-08-18T01:04:01","date_gmt":"2020-08-17T22:04:01","guid":{"rendered":"https:\/\/fil.ee\/uus\/?post_type=product&#038;p=1180"},"modified":"2024-12-19T10:28:56","modified_gmt":"2024-12-19T08:28:56","slug":"eluluule","status":"publish","type":"product","link":"https:\/\/fil.ee\/uus\/toode\/eluluule\/","title":{"rendered":"Elu(luu)le"},"content":{"rendered":"<p style=\"text-align: justify;\">2020. aasta 18. augustil ilmus meie kirjastuselt uus luulekogu, Maria Antons-Valner &#8220;Elu(luu)le&#8221;. Raamat on k\u00f5vade kaante ja mustvalge sisuga. Raamatu m\u00f5\u00f5dud on 120&#215;210 mm, maht 176 lehek\u00fclge. Toimetas Heli Hallik, k\u00fcljendas Vallo Hallik ja kaaned kujundas Jaan Lehismets.<\/p>\n<p style=\"text-align: justify;\"><strong>Raamatu tutvustus:<\/strong><br \/>\nEt iga\u00fche p\u00e4evad oleksid t\u00e4is elumuutvaid elamusi, r\u00f5\u00f5msaid m\u00e4rkamisi, positiivseid enesesisendusi, k\u00f5igi tunnetega toimetulekuid, imelisi hetki loodusest, ammendamatut armastust ning muidugi <em>P\u00c4IKEST<\/em>&#8230;<\/p>\n","protected":false},"excerpt":{"rendered":"<p>2020. aasta 18. augustil ilmus meie kirjastuselt uus luulekogu, Maria Antons-Valner &#8220;Elu(luu)le&#8221;. Raamat on k\u00f5vade kaante ja mustvalge sisuga. Raamatu m\u00f5\u00f5dud on 120&#215;210 mm, maht 176 lehek\u00fclge. Toimetas Heli Hallik, k\u00fcljendas Vallo Hallik ja kaaned kujundas Jaan Lehismets. Raamatu tutvustus: Et iga\u00fche p\u00e4evad oleksid t\u00e4is elumuutvaid elamusi, r\u00f5\u00f5msaid m\u00e4rkamisi, positiivseid enesesisendusi, k\u00f5igi tunnetega toimetulekuid, imelisi [&hellip;]<\/p>\n","protected":false},"featured_media":1175,"comment_status":"open","ping_status":"closed","template":"","meta":[],"product_brand":[],"product_cat":[286],"product_tag":[],"class_list":{"0":"post-1180","1":"product","2":"type-product","3":"status-publish","4":"has-post-thumbnail","6":"product_cat-archive","8":"first","9":"outofstock","10":"taxable","11":"shipping-taxable","12":"product-type-simple"},"_links":{"self":[{"href":"https:\/\/fil.ee\/uus\/wp-json\/wp\/v2\/product\/1180","targetHints":{"allow":["GET"]}}],"collection":[{"href":"https:\/\/fil.ee\/uus\/wp-json\/wp\/v2\/product"}],"about":[{"href":"https:\/\/fil.ee\/uus\/wp-json\/wp\/v2\/types\/product"}],"replies":[{"embeddable":true,"href":"https:\/\/fil.ee\/uus\/wp-json\/wp\/v2\/comments?post=1180"}],"wp:featuredmedia":[{"embeddable":true,"href":"https:\/\/fil.ee\/uus\/wp-json\/wp\/v2\/media\/1175"}],"wp:attachment":[{"href":"https:\/\/fil.ee\/uus\/wp-json\/wp\/v2\/media?parent=1180"}],"wp:term":[{"taxonomy":"product_brand","embeddable":true,"href":"https:\/\/fil.ee\/uus\/wp-json\/wp\/v2\/product_brand?post=1180"},{"taxonomy":"product_cat","embeddable":true,"href":"https:\/\/fil.ee\/uus\/wp-json\/wp\/v2\/product_cat?post=1180"},{"taxonomy":"product_tag","embeddable":true,"href":"https:\/\/fil.ee\/uus\/wp-json\/wp\/v2\/product_tag?post=1180"}],"curies":[{"name":"wp","href":"https:\/\/api.w.org\/{rel}","templated":true}]}}