{"id":1171,"date":"2020-07-22T09:22:30","date_gmt":"2020-07-22T06:22:30","guid":{"rendered":"https:\/\/fil.ee\/uus\/?post_type=product&#038;p=1171"},"modified":"2023-02-01T11:59:23","modified_gmt":"2023-02-01T09:59:23","slug":"armastus-igatsus-elu-ise","status":"publish","type":"product","link":"https:\/\/fil.ee\/uus\/toode\/armastus-igatsus-elu-ise\/","title":{"rendered":"Armastus, igatsus, elu ise"},"content":{"rendered":"<p>2020. aasta 22. juulil ilmus meie kirjastuselt uus luuleraamat, Maili Yerlikaya \u201cArmastus, igatsus, elu ise\u201d. Raamat on k\u00f5vade kaante ja mustvalge sisuga. Raamatu m\u00f5\u00f5dud on 125\u00d7176 mm, maht 72 lehek\u00fclge. Toimetas Heli Hallik, k\u00fcljendas Vallo Hallik ja kaaned kujundas Jaan Lehismets.<\/p>\n<p style=\"text-align: justify;\"><strong>Raamatu tutvustus:<br \/>\n<\/strong>Minu luuleread on kirjutatud ja p\u00fchendatud enamasti minu armsale abikaasale Abdulkerim Yerlikayale. Tema on see, kes paneb mind naeratama, tema on see, kes on \u00f5petanud mind elu imelisemat poolt n\u00e4gema. Tema on see, kes on andnud need ilusad tunded, mida saan paberile panna.<br \/>\nOleme abikaasaga elanud nii T\u00fcrgis kui Eestis, kuid on olnud ka palju hetki, mil oleme pidanud olema teineteisest lahus. Nii need luuletused s\u00fcndisidki suurest igatsusest ning armastusest. Kuid m\u00f5ned luuletused on inspireeritud lihtsalt elust enesest v\u00f5i tagasivaatest lapsep\u00f5lve.<br \/>\nLuuletuste kirjutamine on mulle hobiks ja v\u00e4ljaelamise vormiks. Olen \u00f5nnelik viie lapse ema, elukutselt olen meditsiini\u00f5de.<\/p>\n","protected":false},"excerpt":{"rendered":"<p>2020. aasta 22. juulil ilmus meie kirjastuselt uus luuleraamat, Maili Yerlikaya \u201cArmastus, igatsus, elu ise\u201d. Raamat on k\u00f5vade kaante ja mustvalge sisuga. Raamatu m\u00f5\u00f5dud on 125\u00d7176 mm, maht 72 lehek\u00fclge. Toimetas Heli Hallik, k\u00fcljendas Vallo Hallik ja kaaned kujundas Jaan Lehismets. Raamatu tutvustus: Minu luuleread on kirjutatud ja p\u00fchendatud enamasti minu armsale abikaasale Abdulkerim Yerlikayale. [&hellip;]<\/p>\n","protected":false},"featured_media":1169,"comment_status":"open","ping_status":"closed","template":"","meta":[],"product_brand":[],"product_cat":[23],"product_tag":[],"class_list":{"0":"post-1171","1":"product","2":"type-product","3":"status-publish","4":"has-post-thumbnail","6":"product_cat-luule","8":"first","9":"instock","10":"taxable","11":"shipping-taxable","12":"purchasable","13":"product-type-simple"},"_links":{"self":[{"href":"https:\/\/fil.ee\/uus\/wp-json\/wp\/v2\/product\/1171","targetHints":{"allow":["GET"]}}],"collection":[{"href":"https:\/\/fil.ee\/uus\/wp-json\/wp\/v2\/product"}],"about":[{"href":"https:\/\/fil.ee\/uus\/wp-json\/wp\/v2\/types\/product"}],"replies":[{"embeddable":true,"href":"https:\/\/fil.ee\/uus\/wp-json\/wp\/v2\/comments?post=1171"}],"wp:featuredmedia":[{"embeddable":true,"href":"https:\/\/fil.ee\/uus\/wp-json\/wp\/v2\/media\/1169"}],"wp:attachment":[{"href":"https:\/\/fil.ee\/uus\/wp-json\/wp\/v2\/media?parent=1171"}],"wp:term":[{"taxonomy":"product_brand","embeddable":true,"href":"https:\/\/fil.ee\/uus\/wp-json\/wp\/v2\/product_brand?post=1171"},{"taxonomy":"product_cat","embeddable":true,"href":"https:\/\/fil.ee\/uus\/wp-json\/wp\/v2\/product_cat?post=1171"},{"taxonomy":"product_tag","embeddable":true,"href":"https:\/\/fil.ee\/uus\/wp-json\/wp\/v2\/product_tag?post=1171"}],"curies":[{"name":"wp","href":"https:\/\/api.w.org\/{rel}","templated":true}]}}