{"id":1166,"date":"2020-07-06T12:18:04","date_gmt":"2020-07-06T09:18:04","guid":{"rendered":"https:\/\/fil.ee\/uus\/?post_type=product&#038;p=1166"},"modified":"2026-03-30T16:13:38","modified_gmt":"2026-03-30T13:13:38","slug":"matkarada","status":"publish","type":"product","link":"https:\/\/fil.ee\/uus\/toode\/matkarada\/","title":{"rendered":"Matkarada"},"content":{"rendered":"<p>2020. aasta 1. juulil valmis meie esimene lauam\u00e4ng, mis on m\u00f5eldud m\u00e4ngijatele alates 5. eluaastast. M\u00e4ngida saab kahe, kolme v\u00f5i neljakesi (m\u00e4ngulaual on 2 poolt, \u00fcks kolmele ja teine neljale m\u00e4ngijale). M\u00e4ngu kestvus on 30-45 minutit.<\/p>\n<p style=\"text-align: justify;\"><strong>M\u00e4ngu kirjeldus:<\/strong><br \/>\nSee on l\u00f5bus ja ajutegevust treeniv lauam\u00e4ng kogu perele. M\u00e4ngijate eesm\u00e4rgiks on nelja nupuga (nimetame neid \u201ematkalisteks\u201d j\u00f5uda m\u00e4ngulaua keskel asuvasse \u201ekoju\u201d. Teekonnal tuleb l\u00e4bida ka 3 vahepeat<span class=\"text_exposed_show\">ust ehk \u201eonni\u201d. M\u00e4ngu on paigutatud ka m\u00f5ned \u201ekivid\u201d, mille peale \u201ematkaline\u201d seisma j\u00e4\u00e4da ei tohi, k\u00fcll aga v\u00f5ib neist \u00fcle h\u00fcpata. Otse loomulikult ei ole viisakas k\u00fclastada ka v\u00f5\u00f5raid \u201eonne\u201d, ehk teiste (kaasm\u00e4ngijate) v\u00e4rvidega m\u00e4rgistatud kohtadel seisma j\u00e4\u00e4da ei tohi. Kuna tegu on seltskonnam\u00e4nguga, siis tuleb ka \u201eonne\u201d l\u00e4bida kogu seltskonnaga. See t\u00e4hendab, et j\u00e4rgmisesse \u201eonni\u201d keegi jalga puhkama minna ei tohi enne, kui eelmises \u201eonnis\u201d on k\u00f5ik Sinu grupi liikmed juba puhkamas k\u00e4inud.<\/span><\/p>\n","protected":false},"excerpt":{"rendered":"<p>2020. aasta 1. juulil valmis meie esimene lauam\u00e4ng, mis on m\u00f5eldud m\u00e4ngijatele alates 5. eluaastast. M\u00e4ngida saab kahe, kolme v\u00f5i neljakesi (m\u00e4ngulaual on 2 poolt, \u00fcks kolmele ja teine neljale m\u00e4ngijale). M\u00e4ngu kestvus on 30-45 minutit. M\u00e4ngu kirjeldus: See on l\u00f5bus ja ajutegevust treeniv lauam\u00e4ng kogu perele. M\u00e4ngijate eesm\u00e4rgiks on nelja nupuga (nimetame neid \u201ematkalisteks\u201d [&hellip;]<\/p>\n","protected":false},"featured_media":1163,"comment_status":"open","ping_status":"closed","template":"","meta":[],"product_brand":[],"product_cat":[292],"product_tag":[],"class_list":{"0":"post-1166","1":"product","2":"type-product","3":"status-publish","4":"has-post-thumbnail","6":"product_cat-lauamangud","8":"first","9":"instock","10":"sale","11":"taxable","12":"shipping-taxable","13":"purchasable","14":"product-type-simple"},"_links":{"self":[{"href":"https:\/\/fil.ee\/uus\/wp-json\/wp\/v2\/product\/1166","targetHints":{"allow":["GET"]}}],"collection":[{"href":"https:\/\/fil.ee\/uus\/wp-json\/wp\/v2\/product"}],"about":[{"href":"https:\/\/fil.ee\/uus\/wp-json\/wp\/v2\/types\/product"}],"replies":[{"embeddable":true,"href":"https:\/\/fil.ee\/uus\/wp-json\/wp\/v2\/comments?post=1166"}],"wp:featuredmedia":[{"embeddable":true,"href":"https:\/\/fil.ee\/uus\/wp-json\/wp\/v2\/media\/1163"}],"wp:attachment":[{"href":"https:\/\/fil.ee\/uus\/wp-json\/wp\/v2\/media?parent=1166"}],"wp:term":[{"taxonomy":"product_brand","embeddable":true,"href":"https:\/\/fil.ee\/uus\/wp-json\/wp\/v2\/product_brand?post=1166"},{"taxonomy":"product_cat","embeddable":true,"href":"https:\/\/fil.ee\/uus\/wp-json\/wp\/v2\/product_cat?post=1166"},{"taxonomy":"product_tag","embeddable":true,"href":"https:\/\/fil.ee\/uus\/wp-json\/wp\/v2\/product_tag?post=1166"}],"curies":[{"name":"wp","href":"https:\/\/api.w.org\/{rel}","templated":true}]}}