{"id":1141,"date":"2020-05-29T04:55:27","date_gmt":"2020-05-29T01:55:27","guid":{"rendered":"https:\/\/fil.ee\/uus\/?post_type=product&#038;p=1141"},"modified":"2023-02-01T11:55:12","modified_gmt":"2023-02-01T09:55:12","slug":"julge-poiss","status":"publish","type":"product","link":"https:\/\/fil.ee\/uus\/toode\/julge-poiss\/","title":{"rendered":"Julge poiss"},"content":{"rendered":"<p style=\"text-align: justify;\">2020. aasta 29. juunil ilmus meie kirjastuselt uus tr\u00fckit\u00e4htedega kirjutatud raamat lastele, Maria Lepmaa \u201cJulge poiss\u201d. Raamat on k\u00f5vade kaante ja v\u00e4rvilise sisuga. Raamatu m\u00f5\u00f5dud on 148\u00d7210 mm, maht 24 lehek\u00fclge. Toimetas Irene \u00d5mblus, illustreeris Jana Valge, k\u00fcljendas ja kaaned kujundas Vallo Hallik.<\/p>\n<p style=\"text-align: justify;\"><strong>Raamatu tutvustus:<\/strong><br \/>\nKennet on vahva kuueaastane poiss. Ta k\u00e4ib lasteaias. Tema lemmikv\u00e4rv on punane. Talle meeldib kanda punaseid s\u00e4rke. Kennet ei taha olla arg, vaid soovib saada julgeks poisiks. Kas tal see ka \u00f5nnestub, saadki teada juba raamatust.<\/p>\n","protected":false},"excerpt":{"rendered":"<p>2020. aasta 29. juunil ilmus meie kirjastuselt uus tr\u00fckit\u00e4htedega kirjutatud raamat lastele, Maria Lepmaa \u201cJulge poiss\u201d. Raamat on k\u00f5vade kaante ja v\u00e4rvilise sisuga. Raamatu m\u00f5\u00f5dud on 148\u00d7210 mm, maht 24 lehek\u00fclge. Toimetas Irene \u00d5mblus, illustreeris Jana Valge, k\u00fcljendas ja kaaned kujundas Vallo Hallik. Raamatu tutvustus: Kennet on vahva kuueaastane poiss. Ta k\u00e4ib lasteaias. Tema lemmikv\u00e4rv [&hellip;]<\/p>\n","protected":false},"featured_media":1136,"comment_status":"open","ping_status":"closed","template":"","meta":[],"product_brand":[],"product_cat":[22],"product_tag":[],"class_list":{"0":"post-1141","1":"product","2":"type-product","3":"status-publish","4":"has-post-thumbnail","6":"product_cat-lastele","8":"first","9":"instock","10":"sale","11":"taxable","12":"shipping-taxable","13":"purchasable","14":"product-type-simple"},"_links":{"self":[{"href":"https:\/\/fil.ee\/uus\/wp-json\/wp\/v2\/product\/1141","targetHints":{"allow":["GET"]}}],"collection":[{"href":"https:\/\/fil.ee\/uus\/wp-json\/wp\/v2\/product"}],"about":[{"href":"https:\/\/fil.ee\/uus\/wp-json\/wp\/v2\/types\/product"}],"replies":[{"embeddable":true,"href":"https:\/\/fil.ee\/uus\/wp-json\/wp\/v2\/comments?post=1141"}],"wp:featuredmedia":[{"embeddable":true,"href":"https:\/\/fil.ee\/uus\/wp-json\/wp\/v2\/media\/1136"}],"wp:attachment":[{"href":"https:\/\/fil.ee\/uus\/wp-json\/wp\/v2\/media?parent=1141"}],"wp:term":[{"taxonomy":"product_brand","embeddable":true,"href":"https:\/\/fil.ee\/uus\/wp-json\/wp\/v2\/product_brand?post=1141"},{"taxonomy":"product_cat","embeddable":true,"href":"https:\/\/fil.ee\/uus\/wp-json\/wp\/v2\/product_cat?post=1141"},{"taxonomy":"product_tag","embeddable":true,"href":"https:\/\/fil.ee\/uus\/wp-json\/wp\/v2\/product_tag?post=1141"}],"curies":[{"name":"wp","href":"https:\/\/api.w.org\/{rel}","templated":true}]}}