{"id":1140,"date":"2020-05-29T04:52:31","date_gmt":"2020-05-29T01:52:31","guid":{"rendered":"https:\/\/fil.ee\/uus\/?post_type=product&#038;p=1140"},"modified":"2025-08-30T19:33:09","modified_gmt":"2025-08-30T16:33:09","slug":"koige-magusam-vili-poimunud-hinged","status":"publish","type":"product","link":"https:\/\/fil.ee\/uus\/toode\/koige-magusam-vili-poimunud-hinged\/","title":{"rendered":"K\u00f5ige magusam vili. P\u00f5imunud hinged"},"content":{"rendered":"<p>2020. aasta 29. mail ilmus meie kirjastuselt uus raamat, Regina Jaakson &#8220;K\u00f5ige magusam vili. P\u00f5imunud hinged&#8221;, mis on j\u00e4rjeks eelmisel aastal ilmunud raamatule &#8220;K\u00f5ige magusam vili. Alistumine&#8221;. Raamat on pehmete kaante ja mustvalge sisuga. Raamatu m\u00f5\u00f5dud on 148&#215;210 mm, maht 256 lehek\u00fclge. Toimetas S. M. Rattiste, k\u00fcljendas Vallo Hallik ja kaaned kujundas Jaan Lehismets.<\/p>\n<p style=\"text-align: justify;\"><strong>Raamatu tutvustus:<\/strong><br \/>\n&#8220;Ma ei saa sind endale lubada,&#8221; sosistas mees minu pead paitades.<br \/>\nNaeratasin l\u00e4bi kurbuse. Mulle tundus, et tal oli tegelikult \u00f5igus. Ta ei saanudki mind endale lubada, sest olin tema parima s\u00f5bra Robi v\u00e4ljavalitu. T\u00f5usin voodis istukile ja s\u00e4ttisin valget lohvakat triiks\u00e4rki oma seljas. Mees tuli veidi l\u00e4hemale. Ta poetas oma k\u00e4e \u00f5rnalt minu pluusi kaelusest sisse ja paitas rangluud, libistades s\u00f5rmedega pehmelt \u00fcle kaela, j\u00f5udes l\u00f5uani&#8230; Armsaim m\u00e4ngis oma p\u00f6idlaga \u00fcle minu paokile vajunud suu. Silmi\u00a0 sulgedes nautisin hetke.<br \/>\nChris p\u00f5imis oma k\u00e4e \u00fcmber minu kukla, l\u00e4henedes \u00f5rnalt suuga huulteni. Vaatasin teda. Tema silmad olid l\u00e4hedaltki vaadates nii imelised&#8230;, nagu oleks neis eraldi maailm.<br \/>\n&#8220;Saad k\u00fcll &#8230;,&#8221; vastasin talle enesekindlalt. &#8220;Sa saad mind endale lubada, nii nagu mina saan sind endale lubada.&#8221;<\/p>\n","protected":false},"excerpt":{"rendered":"<p>2020. aasta 29. mail ilmus meie kirjastuselt uus raamat, Regina Jaakson &#8220;K\u00f5ige magusam vili. P\u00f5imunud hinged&#8221;, mis on j\u00e4rjeks eelmisel aastal ilmunud raamatule &#8220;K\u00f5ige magusam vili. Alistumine&#8221;. Raamat on pehmete kaante ja mustvalge sisuga. Raamatu m\u00f5\u00f5dud on 148&#215;210 mm, maht 256 lehek\u00fclge. Toimetas S. M. Rattiste, k\u00fcljendas Vallo Hallik ja kaaned kujundas Jaan Lehismets. Raamatu [&hellip;]<\/p>\n","protected":false},"featured_media":1142,"comment_status":"open","ping_status":"closed","template":"","meta":[],"product_brand":[],"product_cat":[286],"product_tag":[],"class_list":{"0":"post-1140","1":"product","2":"type-product","3":"status-publish","4":"has-post-thumbnail","6":"product_cat-archive","8":"first","9":"outofstock","10":"taxable","11":"shipping-taxable","12":"product-type-simple"},"_links":{"self":[{"href":"https:\/\/fil.ee\/uus\/wp-json\/wp\/v2\/product\/1140","targetHints":{"allow":["GET"]}}],"collection":[{"href":"https:\/\/fil.ee\/uus\/wp-json\/wp\/v2\/product"}],"about":[{"href":"https:\/\/fil.ee\/uus\/wp-json\/wp\/v2\/types\/product"}],"replies":[{"embeddable":true,"href":"https:\/\/fil.ee\/uus\/wp-json\/wp\/v2\/comments?post=1140"}],"wp:featuredmedia":[{"embeddable":true,"href":"https:\/\/fil.ee\/uus\/wp-json\/wp\/v2\/media\/1142"}],"wp:attachment":[{"href":"https:\/\/fil.ee\/uus\/wp-json\/wp\/v2\/media?parent=1140"}],"wp:term":[{"taxonomy":"product_brand","embeddable":true,"href":"https:\/\/fil.ee\/uus\/wp-json\/wp\/v2\/product_brand?post=1140"},{"taxonomy":"product_cat","embeddable":true,"href":"https:\/\/fil.ee\/uus\/wp-json\/wp\/v2\/product_cat?post=1140"},{"taxonomy":"product_tag","embeddable":true,"href":"https:\/\/fil.ee\/uus\/wp-json\/wp\/v2\/product_tag?post=1140"}],"curies":[{"name":"wp","href":"https:\/\/api.w.org\/{rel}","templated":true}]}}