{"id":1125,"date":"2020-05-20T11:30:07","date_gmt":"2020-05-20T08:30:07","guid":{"rendered":"https:\/\/fil.ee\/uus\/?post_type=product&#038;p=1125"},"modified":"2023-02-01T11:51:00","modified_gmt":"2023-02-01T09:51:00","slug":"mustade-silmadega-mees","status":"publish","type":"product","link":"https:\/\/fil.ee\/uus\/toode\/mustade-silmadega-mees\/","title":{"rendered":"Mustade silmadega mees"},"content":{"rendered":"<p style=\"text-align: justify;\">2020. aasta 20. mail ilmus meie kirjastuselt uus raamat, Margit Peterson &#8220;Mustade silmadega mees&#8221;. Raamat on k\u00f5vade kaante ja mustvalge sisuga. Raamatu m\u00f5\u00f5dud on 152&#215;215 mm, maht 96 lehek\u00fclge. Toimetas Irene \u00d5mblus, k\u00fcljendas Vallo Hallik ja kaaned kujundas Katrin Meemaa.<\/p>\n<p style=\"text-align: justify;\"><strong>Raamatu tutvustus:<br \/>\n<\/strong>K\u00e4esolev novelli- ja l\u00fchijutu kogumik k\u00e4tkeb endas lugusid, mis on l\u00e4bi aastate ilmunud ajakirjades &#8220;M\u00fcstilised lood&#8221; ning &#8220;Saatus &amp; Saladused&#8221;, mille kaasautor Margit Peterson on. See on m\u00f5tteline j\u00e4rg tema eelnevatele kogumikele &#8220;Virtuaalmees&#8221; ja &#8220;R\u00f5ntgenn\u00e4gemisega mees&#8221;.<br \/>\nLugude inspiraatoriks on suurel m\u00e4\u00e4ral elu ise, pisut juurde fantaasiat, nagu ilukirjanduses ikka.<br \/>\nElu ongi \u00fcks suur m\u00fcsteerium, sestap kohtud Sinagi siin m\u00fcstilise karakteriga tegelaskujudega, kes esmapilgul tunduvad \u00e4raolevad, kuid ometigi omased.<\/p>\n","protected":false},"excerpt":{"rendered":"<p>2020. aasta 20. mail ilmus meie kirjastuselt uus raamat, Margit Peterson &#8220;Mustade silmadega mees&#8221;. Raamat on k\u00f5vade kaante ja mustvalge sisuga. Raamatu m\u00f5\u00f5dud on 152&#215;215 mm, maht 96 lehek\u00fclge. Toimetas Irene \u00d5mblus, k\u00fcljendas Vallo Hallik ja kaaned kujundas Katrin Meemaa. Raamatu tutvustus: K\u00e4esolev novelli- ja l\u00fchijutu kogumik k\u00e4tkeb endas lugusid, mis on l\u00e4bi aastate ilmunud [&hellip;]<\/p>\n","protected":false},"featured_media":1120,"comment_status":"open","ping_status":"closed","template":"","meta":[],"product_brand":[],"product_cat":[19],"product_tag":[],"class_list":{"0":"post-1125","1":"product","2":"type-product","3":"status-publish","4":"has-post-thumbnail","6":"product_cat-ilukirjandus","8":"first","9":"instock","10":"taxable","11":"shipping-taxable","12":"purchasable","13":"product-type-simple"},"_links":{"self":[{"href":"https:\/\/fil.ee\/uus\/wp-json\/wp\/v2\/product\/1125","targetHints":{"allow":["GET"]}}],"collection":[{"href":"https:\/\/fil.ee\/uus\/wp-json\/wp\/v2\/product"}],"about":[{"href":"https:\/\/fil.ee\/uus\/wp-json\/wp\/v2\/types\/product"}],"replies":[{"embeddable":true,"href":"https:\/\/fil.ee\/uus\/wp-json\/wp\/v2\/comments?post=1125"}],"wp:featuredmedia":[{"embeddable":true,"href":"https:\/\/fil.ee\/uus\/wp-json\/wp\/v2\/media\/1120"}],"wp:attachment":[{"href":"https:\/\/fil.ee\/uus\/wp-json\/wp\/v2\/media?parent=1125"}],"wp:term":[{"taxonomy":"product_brand","embeddable":true,"href":"https:\/\/fil.ee\/uus\/wp-json\/wp\/v2\/product_brand?post=1125"},{"taxonomy":"product_cat","embeddable":true,"href":"https:\/\/fil.ee\/uus\/wp-json\/wp\/v2\/product_cat?post=1125"},{"taxonomy":"product_tag","embeddable":true,"href":"https:\/\/fil.ee\/uus\/wp-json\/wp\/v2\/product_tag?post=1125"}],"curies":[{"name":"wp","href":"https:\/\/api.w.org\/{rel}","templated":true}]}}