{"id":1107,"date":"2020-04-09T18:29:47","date_gmt":"2020-04-09T15:29:47","guid":{"rendered":"http:\/\/fil.ee\/uus\/?post_type=product&#038;p=1107"},"modified":"2023-02-01T11:49:43","modified_gmt":"2023-02-01T09:49:43","slug":"karupoja-sobrakene","status":"publish","type":"product","link":"https:\/\/fil.ee\/uus\/toode\/karupoja-sobrakene\/","title":{"rendered":"Karupoja s\u00f5brakene"},"content":{"rendered":"<p style=\"text-align: justify;\">2020. aasta 9. aprillil ilmus meie kirjastuselt uus lasteraamat, Kristiina Hermann \u201cKarupoja s\u00f5brakene\u201d. Raamat on pehmete kaante ja v\u00e4rvilise sisuga. Raamatu m\u00f5\u00f5dud on 148\u00d7210 mm, maht 32 lehek\u00fclge. Toimetas Heli Hallik, illustreeris, k\u00fcljendas ja kaaned kujundas Liina Lippasaar.<\/p>\n<p style=\"text-align: justify;\"><strong>Raamatu tutvustus:<br \/>\n<\/strong>Talvevaikusest lummatult metsas jalutades ei oska arvatagi, mida tegelikult selle vaikuse tagant leida v\u00f5ib. M\u00f5ni leid hakkab lugu jutustama ja loost v\u00f5ib raamat saada. See raamat, mis pakub lapsele v\u00f5imaluse koos v\u00e4ikese karupojaga maailma avastamiseks, on just nii valminud.<br \/>\nKarupoeg \u00f5pib oma esimestel elukuudel kuulama ja tundma erinevaid h\u00e4\u00e4li enda \u00fcmber, saab teada missugused loomad ja linnud tema kodumetsas elavad ning tutvub erinevate loodusn\u00e4htustega. Raamatu lugemine annab lapsele teadmise, et kui midagi t\u00e4helepanelikult j\u00e4lgida, siis v\u00f5ib avastada palju rohkem, kui esmapilgul paistnud on.<\/p>\n","protected":false},"excerpt":{"rendered":"<p>2020. aasta 9. aprillil ilmus meie kirjastuselt uus lasteraamat, Kristiina Hermann \u201cKarupoja s\u00f5brakene\u201d. Raamat on pehmete kaante ja v\u00e4rvilise sisuga. Raamatu m\u00f5\u00f5dud on 148\u00d7210 mm, maht 32 lehek\u00fclge. Toimetas Heli Hallik, illustreeris, k\u00fcljendas ja kaaned kujundas Liina Lippasaar. Raamatu tutvustus: Talvevaikusest lummatult metsas jalutades ei oska arvatagi, mida tegelikult selle vaikuse tagant leida v\u00f5ib. M\u00f5ni [&hellip;]<\/p>\n","protected":false},"featured_media":1104,"comment_status":"open","ping_status":"closed","template":"","meta":[],"product_brand":[],"product_cat":[22],"product_tag":[],"class_list":{"0":"post-1107","1":"product","2":"type-product","3":"status-publish","4":"has-post-thumbnail","6":"product_cat-lastele","8":"first","9":"instock","10":"sale","11":"taxable","12":"shipping-taxable","13":"purchasable","14":"product-type-simple"},"_links":{"self":[{"href":"https:\/\/fil.ee\/uus\/wp-json\/wp\/v2\/product\/1107","targetHints":{"allow":["GET"]}}],"collection":[{"href":"https:\/\/fil.ee\/uus\/wp-json\/wp\/v2\/product"}],"about":[{"href":"https:\/\/fil.ee\/uus\/wp-json\/wp\/v2\/types\/product"}],"replies":[{"embeddable":true,"href":"https:\/\/fil.ee\/uus\/wp-json\/wp\/v2\/comments?post=1107"}],"wp:featuredmedia":[{"embeddable":true,"href":"https:\/\/fil.ee\/uus\/wp-json\/wp\/v2\/media\/1104"}],"wp:attachment":[{"href":"https:\/\/fil.ee\/uus\/wp-json\/wp\/v2\/media?parent=1107"}],"wp:term":[{"taxonomy":"product_brand","embeddable":true,"href":"https:\/\/fil.ee\/uus\/wp-json\/wp\/v2\/product_brand?post=1107"},{"taxonomy":"product_cat","embeddable":true,"href":"https:\/\/fil.ee\/uus\/wp-json\/wp\/v2\/product_cat?post=1107"},{"taxonomy":"product_tag","embeddable":true,"href":"https:\/\/fil.ee\/uus\/wp-json\/wp\/v2\/product_tag?post=1107"}],"curies":[{"name":"wp","href":"https:\/\/api.w.org\/{rel}","templated":true}]}}