{"id":1095,"date":"2020-04-07T15:22:29","date_gmt":"2020-04-07T12:22:29","guid":{"rendered":"http:\/\/fil.ee\/uus\/?post_type=product&#038;p=1095"},"modified":"2025-09-06T02:15:01","modified_gmt":"2025-09-05T23:15:01","slug":"elu-taiega","status":"publish","type":"product","link":"https:\/\/fil.ee\/uus\/toode\/elu-taiega\/","title":{"rendered":"Elu t\u00e4iega"},"content":{"rendered":"<p style=\"text-align: justify;\">2020. aasta 9. aprillil ilmus meie kirjastuselt uus raamat, Arne Nielsen &#8220;Elu t\u00e4iega&#8221;. Raamat on pehmete kaante ja mustvalge sisuga. Raamatu m\u00f5\u00f5dud on 130&#215;200 mm, maht 224 lehek\u00fclge. Toimetas S. M. Rattiste, k\u00fcljendas Vallo Hallik ja kaaned kujundas Jaan Lehismets.<\/p>\n<p style=\"text-align: justify;\"><strong>Raamatu tutvustus:<br \/>\n<\/strong>Palju on kirjutatud meestest kui kangelastest, k\u00fcll s\u00f5jas ja v\u00f5itluses loodusj\u00f5ududega, k\u00fcll seelikuk\u00fcttidest ja valerahategijatest ning muidu kurikaeltest, keda kujutatakse sageli palju s\u00fcmpaatsematena kui neid jahtivaid detektiive ja nii edasi. P\u00e4ris kahe silma vahele kipub j\u00e4\u00e4ma tavaline igap\u00e4evane Eestimaa mees, kelleta iga kangelane \u00fcksinda oleks vaid t\u00fchi koht. Seep\u00e4rast kirjutabki autor selles romaanis lihtsast eesti mehest, kelle tahe, v\u00f5imed ja ka elusaatus pole talle pakkunud kohta suurte kangelaste seas, aga kes elab oma v\u00f5imalustes t\u00e4iega ja on just sellisena meie elus asendamatu. Selliseid mehi on sadu tuhandeid, nad v\u00e4\u00e4rivad kindlasti t\u00e4helepanu.<\/p>\n","protected":false},"excerpt":{"rendered":"<p>2020. aasta 9. aprillil ilmus meie kirjastuselt uus raamat, Arne Nielsen &#8220;Elu t\u00e4iega&#8221;. Raamat on pehmete kaante ja mustvalge sisuga. Raamatu m\u00f5\u00f5dud on 130&#215;200 mm, maht 224 lehek\u00fclge. Toimetas S. M. Rattiste, k\u00fcljendas Vallo Hallik ja kaaned kujundas Jaan Lehismets. Raamatu tutvustus: Palju on kirjutatud meestest kui kangelastest, k\u00fcll s\u00f5jas ja v\u00f5itluses loodusj\u00f5ududega, k\u00fcll seelikuk\u00fcttidest [&hellip;]<\/p>\n","protected":false},"featured_media":1093,"comment_status":"open","ping_status":"closed","template":"","meta":[],"product_brand":[],"product_cat":[19],"product_tag":[],"class_list":{"0":"post-1095","1":"product","2":"type-product","3":"status-publish","4":"has-post-thumbnail","6":"product_cat-ilukirjandus","8":"first","9":"instock","10":"sale","11":"taxable","12":"shipping-taxable","13":"purchasable","14":"product-type-simple"},"_links":{"self":[{"href":"https:\/\/fil.ee\/uus\/wp-json\/wp\/v2\/product\/1095","targetHints":{"allow":["GET"]}}],"collection":[{"href":"https:\/\/fil.ee\/uus\/wp-json\/wp\/v2\/product"}],"about":[{"href":"https:\/\/fil.ee\/uus\/wp-json\/wp\/v2\/types\/product"}],"replies":[{"embeddable":true,"href":"https:\/\/fil.ee\/uus\/wp-json\/wp\/v2\/comments?post=1095"}],"wp:featuredmedia":[{"embeddable":true,"href":"https:\/\/fil.ee\/uus\/wp-json\/wp\/v2\/media\/1093"}],"wp:attachment":[{"href":"https:\/\/fil.ee\/uus\/wp-json\/wp\/v2\/media?parent=1095"}],"wp:term":[{"taxonomy":"product_brand","embeddable":true,"href":"https:\/\/fil.ee\/uus\/wp-json\/wp\/v2\/product_brand?post=1095"},{"taxonomy":"product_cat","embeddable":true,"href":"https:\/\/fil.ee\/uus\/wp-json\/wp\/v2\/product_cat?post=1095"},{"taxonomy":"product_tag","embeddable":true,"href":"https:\/\/fil.ee\/uus\/wp-json\/wp\/v2\/product_tag?post=1095"}],"curies":[{"name":"wp","href":"https:\/\/api.w.org\/{rel}","templated":true}]}}