{"id":1089,"date":"2020-03-30T21:58:35","date_gmt":"2020-03-30T18:58:35","guid":{"rendered":"http:\/\/fil.ee\/uus\/?post_type=product&#038;p=1089"},"modified":"2023-02-01T11:46:51","modified_gmt":"2023-02-01T09:46:51","slug":"jaljed-udus","status":"publish","type":"product","link":"https:\/\/fil.ee\/uus\/toode\/jaljed-udus\/","title":{"rendered":"J\u00e4ljed udus"},"content":{"rendered":"<p style=\"text-align: justify;\">2020. aasta 30. m\u00e4rtsil ilmus meie kirjastuselt uus raamat, Alari Janson &#8220;J\u00e4ljed udus&#8221;. Raamat on k\u00f5vade kaante ja mustvalge sisuga. Raamatu m\u00f5\u00f5dud on 148&#215;210 mm, maht 72 lehek\u00fclge. Kaaned kujundas Vallo Hallik.<\/p>\n<p style=\"text-align: justify;\"><strong>Raamatu tutvustus:<\/strong><br \/>\nTere! Mina olen Alari Janson, kuigi k\u00f5ik teised kutsuvad mind Papaks ja kui aus olla, siis pole mul selle vastu midagi. Vahetevahel ma m\u00f5tlen \u00fcle ja siis tulevad m\u00f5tlikud luuletused ja laulus\u00f5nad, m\u00f5nikord aga ei m\u00f5tle \u00fcldse ja siis tulevad parajalt ajuvabad asjad. Kui te tahate teada, mismoodi mu m\u00f5tlemine v\u00e4lja n\u00e4eb, tehke raamat lahti ja lugege! Olge tublid!<br \/>\nPS Unustasin &#8230; Pildid tegin ka ise siia sisse.<\/p>\n","protected":false},"excerpt":{"rendered":"<p>2020. aasta 30. m\u00e4rtsil ilmus meie kirjastuselt uus raamat, Alari Janson &#8220;J\u00e4ljed udus&#8221;. Raamat on k\u00f5vade kaante ja mustvalge sisuga. Raamatu m\u00f5\u00f5dud on 148&#215;210 mm, maht 72 lehek\u00fclge. Kaaned kujundas Vallo Hallik. Raamatu tutvustus: Tere! Mina olen Alari Janson, kuigi k\u00f5ik teised kutsuvad mind Papaks ja kui aus olla, siis pole mul selle vastu midagi. [&hellip;]<\/p>\n","protected":false},"featured_media":1087,"comment_status":"open","ping_status":"closed","template":"","meta":[],"product_brand":[],"product_cat":[23],"product_tag":[],"class_list":{"0":"post-1089","1":"product","2":"type-product","3":"status-publish","4":"has-post-thumbnail","6":"product_cat-luule","8":"first","9":"instock","10":"sale","11":"taxable","12":"shipping-taxable","13":"purchasable","14":"product-type-simple"},"_links":{"self":[{"href":"https:\/\/fil.ee\/uus\/wp-json\/wp\/v2\/product\/1089","targetHints":{"allow":["GET"]}}],"collection":[{"href":"https:\/\/fil.ee\/uus\/wp-json\/wp\/v2\/product"}],"about":[{"href":"https:\/\/fil.ee\/uus\/wp-json\/wp\/v2\/types\/product"}],"replies":[{"embeddable":true,"href":"https:\/\/fil.ee\/uus\/wp-json\/wp\/v2\/comments?post=1089"}],"wp:featuredmedia":[{"embeddable":true,"href":"https:\/\/fil.ee\/uus\/wp-json\/wp\/v2\/media\/1087"}],"wp:attachment":[{"href":"https:\/\/fil.ee\/uus\/wp-json\/wp\/v2\/media?parent=1089"}],"wp:term":[{"taxonomy":"product_brand","embeddable":true,"href":"https:\/\/fil.ee\/uus\/wp-json\/wp\/v2\/product_brand?post=1089"},{"taxonomy":"product_cat","embeddable":true,"href":"https:\/\/fil.ee\/uus\/wp-json\/wp\/v2\/product_cat?post=1089"},{"taxonomy":"product_tag","embeddable":true,"href":"https:\/\/fil.ee\/uus\/wp-json\/wp\/v2\/product_tag?post=1089"}],"curies":[{"name":"wp","href":"https:\/\/api.w.org\/{rel}","templated":true}]}}