{"id":1085,"date":"2020-03-25T14:49:42","date_gmt":"2020-03-25T12:49:42","guid":{"rendered":"http:\/\/fil.ee\/uus\/?post_type=product&#038;p=1085"},"modified":"2023-02-01T11:45:57","modified_gmt":"2023-02-01T09:45:57","slug":"tode-armastusest","status":"publish","type":"product","link":"https:\/\/fil.ee\/uus\/toode\/tode-armastusest\/","title":{"rendered":"T\u00f5de armastusest"},"content":{"rendered":"<p>2020. aasta 25. m\u00e4rtsil ilmus meie kirjastuselt uus luulekogu, Sander Seire &#8220;T\u00f5de armastusest&#8221;. Raamat on pehmete kaante ja mustvalge sisuga. Raamatu m\u00f5\u00f5dud on 148&#215;210 mm, maht 88 lehek\u00fclge. Toimetas Heli Hallik, k\u00fcljendas Vallo Hallik ja kaaned kujundas Katrin Meemaa.<\/p>\n<p><strong>Raamatu tutvustus:<\/strong><\/p>\n<p style=\"text-align: center;\">Kuid mis on armastus?<\/p>\n<p style=\"text-align: center;\">\u00c4rgata kell kolm \u00f6\u00f6sel \u00fclesse et kontrollida oma telefoni.<br \/>\nOodata armsaid s\u00f5numeid ja tundide viisi pikkasid k\u00f5nesid.<br \/>\nKui iga m\u00f5te millest m\u00f5tled l\u00f5puks muutub see alati temaks.<br \/>\nNing ainsaks t\u00f5eliseks naeratuse p\u00f5hjuseks on \u00fcks armas p\u00e4ikeseline h\u00e4\u00e4l.<br \/>\nTema kallistused v\u00f5tavad \u00e4ra k\u00f5ik kurbuse mida oled tundnud terve elu.<br \/>\nKoos olles ununevad probleemid ja raskused mis ei luba olla \u00f5nnelik.<br \/>\nM\u00f5ni \u00fcksik s\u00f5na juba teeb seest soojaks sinu hinge ja s\u00fcdame.<br \/>\nIsegi igatsus tundub nii ilus tunne sest uuesti kohtudes m\u00f5istad, et armastad teda aina rohkem.<\/p>\n<p style=\"text-align: center;\">Kuid mis on armastus?<\/p>\n<p style=\"text-align: center;\">See \u00fcks ja ainus \u00f5ige inimene kes on muutunud ideaalseks ja su maailmaks k\u00f5igega mis on temas.<\/p>\n","protected":false},"excerpt":{"rendered":"<p>2020. aasta 25. m\u00e4rtsil ilmus meie kirjastuselt uus luulekogu, Sander Seire &#8220;T\u00f5de armastusest&#8221;. Raamat on pehmete kaante ja mustvalge sisuga. Raamatu m\u00f5\u00f5dud on 148&#215;210 mm, maht 88 lehek\u00fclge. Toimetas Heli Hallik, k\u00fcljendas Vallo Hallik ja kaaned kujundas Katrin Meemaa. Raamatu tutvustus: Kuid mis on armastus? \u00c4rgata kell kolm \u00f6\u00f6sel \u00fclesse et kontrollida oma telefoni. Oodata [&hellip;]<\/p>\n","protected":false},"featured_media":1083,"comment_status":"open","ping_status":"closed","template":"","meta":[],"product_brand":[],"product_cat":[23],"product_tag":[],"class_list":{"0":"post-1085","1":"product","2":"type-product","3":"status-publish","4":"has-post-thumbnail","6":"product_cat-luule","8":"first","9":"instock","10":"taxable","11":"shipping-taxable","12":"purchasable","13":"product-type-simple"},"_links":{"self":[{"href":"https:\/\/fil.ee\/uus\/wp-json\/wp\/v2\/product\/1085","targetHints":{"allow":["GET"]}}],"collection":[{"href":"https:\/\/fil.ee\/uus\/wp-json\/wp\/v2\/product"}],"about":[{"href":"https:\/\/fil.ee\/uus\/wp-json\/wp\/v2\/types\/product"}],"replies":[{"embeddable":true,"href":"https:\/\/fil.ee\/uus\/wp-json\/wp\/v2\/comments?post=1085"}],"wp:featuredmedia":[{"embeddable":true,"href":"https:\/\/fil.ee\/uus\/wp-json\/wp\/v2\/media\/1083"}],"wp:attachment":[{"href":"https:\/\/fil.ee\/uus\/wp-json\/wp\/v2\/media?parent=1085"}],"wp:term":[{"taxonomy":"product_brand","embeddable":true,"href":"https:\/\/fil.ee\/uus\/wp-json\/wp\/v2\/product_brand?post=1085"},{"taxonomy":"product_cat","embeddable":true,"href":"https:\/\/fil.ee\/uus\/wp-json\/wp\/v2\/product_cat?post=1085"},{"taxonomy":"product_tag","embeddable":true,"href":"https:\/\/fil.ee\/uus\/wp-json\/wp\/v2\/product_tag?post=1085"}],"curies":[{"name":"wp","href":"https:\/\/api.w.org\/{rel}","templated":true}]}}