{"id":1066,"date":"2020-02-20T17:20:31","date_gmt":"2020-02-20T15:20:31","guid":{"rendered":"http:\/\/fil.ee\/uus\/?post_type=product&#038;p=1066"},"modified":"2023-02-23T11:48:12","modified_gmt":"2023-02-23T09:48:12","slug":"joosepi-neljas-naine","status":"publish","type":"product","link":"https:\/\/fil.ee\/uus\/toode\/joosepi-neljas-naine\/","title":{"rendered":"Joosepi neljas naine"},"content":{"rendered":"<p style=\"text-align: justify;\">2020. aasta 20. veebruaril ilmus meie kirjastuselt uus raamat, Anneli Lamp \u201cJoosepi neljas naine\u201d. Raamat on pehmete kaante ja mustvalge sisuga. Raamatu m\u00f5\u00f5dud on 148\u00d7210 mm, maht 200 lehek\u00fclge. Toimetas Heli Hallik, k\u00fcljendas Vallo Hallik ja kaaned kujundas Rita Mets.<\/p>\n<p style=\"text-align: justify;\"><strong>Raamatu tutvustus:<br \/>\n<\/strong>2019. aastal ilmunud v\u00e4ike lilla raamatukene \u201cJoosepi naised\u201d osutus \u00f5ngeks, mis p\u00fc\u00fcdis kinni suure kala \u2013 uue info mu tegelaste eluk\u00e4igu kohta. Mida rohkem neist teda sain, seda elavamaks muutusid tegelaskujud mu kujutlustes. Ajalooliste faktide \u00fcmber, mis moodustavad loo selgroo, hakkas fantaasia elama oma elu. Taustade tundmine aitas lahti m\u00f5testada, mis v\u00f5is olla \u00fche v\u00f5i teise traagilise s\u00fcndmuse p\u00f5hjuseks v\u00f5i p\u00e4\u00e4stikuks ning andis julgust lugu jutustada. Kui \u201cJoosepi naised\u201d tugines peamiselt ajaloolisele t\u00f5ele, j\u00e4ttes fantaasiale vaid v\u00e4heke ruumi, siis k\u00e4esolevas raamatus on t\u00f5de ja fantaasia v\u00e4ga tihedasti ja lahutamatult teineteisest l\u00e4bi p\u00f5imunud.<\/p>\n","protected":false},"excerpt":{"rendered":"<p>2020. aasta 20. veebruaril ilmus meie kirjastuselt uus raamat, Anneli Lamp \u201cJoosepi neljas naine\u201d. Raamat on pehmete kaante ja mustvalge sisuga. Raamatu m\u00f5\u00f5dud on 148\u00d7210 mm, maht 200 lehek\u00fclge. Toimetas Heli Hallik, k\u00fcljendas Vallo Hallik ja kaaned kujundas Rita Mets. Raamatu tutvustus: 2019. aastal ilmunud v\u00e4ike lilla raamatukene \u201cJoosepi naised\u201d osutus \u00f5ngeks, mis p\u00fc\u00fcdis kinni [&hellip;]<\/p>\n","protected":false},"featured_media":1058,"comment_status":"open","ping_status":"closed","template":"","meta":[],"product_brand":[],"product_cat":[286],"product_tag":[],"class_list":{"0":"post-1066","1":"product","2":"type-product","3":"status-publish","4":"has-post-thumbnail","6":"product_cat-archive","8":"first","9":"outofstock","10":"taxable","11":"shipping-taxable","12":"product-type-simple"},"_links":{"self":[{"href":"https:\/\/fil.ee\/uus\/wp-json\/wp\/v2\/product\/1066","targetHints":{"allow":["GET"]}}],"collection":[{"href":"https:\/\/fil.ee\/uus\/wp-json\/wp\/v2\/product"}],"about":[{"href":"https:\/\/fil.ee\/uus\/wp-json\/wp\/v2\/types\/product"}],"replies":[{"embeddable":true,"href":"https:\/\/fil.ee\/uus\/wp-json\/wp\/v2\/comments?post=1066"}],"wp:featuredmedia":[{"embeddable":true,"href":"https:\/\/fil.ee\/uus\/wp-json\/wp\/v2\/media\/1058"}],"wp:attachment":[{"href":"https:\/\/fil.ee\/uus\/wp-json\/wp\/v2\/media?parent=1066"}],"wp:term":[{"taxonomy":"product_brand","embeddable":true,"href":"https:\/\/fil.ee\/uus\/wp-json\/wp\/v2\/product_brand?post=1066"},{"taxonomy":"product_cat","embeddable":true,"href":"https:\/\/fil.ee\/uus\/wp-json\/wp\/v2\/product_cat?post=1066"},{"taxonomy":"product_tag","embeddable":true,"href":"https:\/\/fil.ee\/uus\/wp-json\/wp\/v2\/product_tag?post=1066"}],"curies":[{"name":"wp","href":"https:\/\/api.w.org\/{rel}","templated":true}]}}