{"id":1052,"date":"2020-02-07T10:30:27","date_gmt":"2020-02-07T08:30:27","guid":{"rendered":"http:\/\/fil.ee\/uus\/?post_type=product&#038;p=1052"},"modified":"2023-02-01T11:42:16","modified_gmt":"2023-02-01T09:42:16","slug":"argake","status":"publish","type":"product","link":"https:\/\/fil.ee\/uus\/toode\/argake\/","title":{"rendered":"\u00c4rgake"},"content":{"rendered":"<p style=\"text-align: justify;\">2020. aasta 7. veebruaril ilmus meie kirjastuselt uus luuleraamat, Margit Peterson &#8220;\u00c4rgake&#8221;. Raamat on k\u00f5vade kaantega. Selle m\u00f5\u00f5dud on 120&#215;174 mm, maht 104 lehek\u00fclge. Toimetas Irene \u00d5mblus, k\u00fcljendas Vallo Hallik, kaanefoto tegi Jana Valge ning kaaned kujundas Katrin Meemaa.<\/p>\n<p style=\"text-align: justify;\"><strong>Raamatu tutvustus:<br \/>\n<\/strong>Raamatusse on kogutud pisut nukrama alatooniga v\u00e4rsid, mis k\u00e4tkevad endas igatsust lapsep\u00f5lve ja siitilmast lahkunud inimeste j\u00e4rele. Samuti valutab autor s\u00fcdant Eesti ja eestlaste tuleviku p\u00e4rast.<br \/>\nV\u00e4rssidesse p\u00f5imitud s\u00f5num paneb m\u00f5tlema igaviku ja kaduviku, terve elu \u00fcle &#8230;<br \/>\nTegemist on autori \u00fcheksanda t\u00e4iskasvanutele m\u00f5eldud luulekoguga.<\/p>\n","protected":false},"excerpt":{"rendered":"<p>2020. aasta 7. veebruaril ilmus meie kirjastuselt uus luuleraamat, Margit Peterson &#8220;\u00c4rgake&#8221;. Raamat on k\u00f5vade kaantega. Selle m\u00f5\u00f5dud on 120&#215;174 mm, maht 104 lehek\u00fclge. Toimetas Irene \u00d5mblus, k\u00fcljendas Vallo Hallik, kaanefoto tegi Jana Valge ning kaaned kujundas Katrin Meemaa. Raamatu tutvustus: Raamatusse on kogutud pisut nukrama alatooniga v\u00e4rsid, mis k\u00e4tkevad endas igatsust lapsep\u00f5lve ja siitilmast [&hellip;]<\/p>\n","protected":false},"featured_media":1048,"comment_status":"open","ping_status":"closed","template":"","meta":[],"product_brand":[],"product_cat":[23],"product_tag":[],"class_list":{"0":"post-1052","1":"product","2":"type-product","3":"status-publish","4":"has-post-thumbnail","6":"product_cat-luule","8":"first","9":"instock","10":"taxable","11":"shipping-taxable","12":"purchasable","13":"product-type-simple"},"_links":{"self":[{"href":"https:\/\/fil.ee\/uus\/wp-json\/wp\/v2\/product\/1052","targetHints":{"allow":["GET"]}}],"collection":[{"href":"https:\/\/fil.ee\/uus\/wp-json\/wp\/v2\/product"}],"about":[{"href":"https:\/\/fil.ee\/uus\/wp-json\/wp\/v2\/types\/product"}],"replies":[{"embeddable":true,"href":"https:\/\/fil.ee\/uus\/wp-json\/wp\/v2\/comments?post=1052"}],"wp:featuredmedia":[{"embeddable":true,"href":"https:\/\/fil.ee\/uus\/wp-json\/wp\/v2\/media\/1048"}],"wp:attachment":[{"href":"https:\/\/fil.ee\/uus\/wp-json\/wp\/v2\/media?parent=1052"}],"wp:term":[{"taxonomy":"product_brand","embeddable":true,"href":"https:\/\/fil.ee\/uus\/wp-json\/wp\/v2\/product_brand?post=1052"},{"taxonomy":"product_cat","embeddable":true,"href":"https:\/\/fil.ee\/uus\/wp-json\/wp\/v2\/product_cat?post=1052"},{"taxonomy":"product_tag","embeddable":true,"href":"https:\/\/fil.ee\/uus\/wp-json\/wp\/v2\/product_tag?post=1052"}],"curies":[{"name":"wp","href":"https:\/\/api.w.org\/{rel}","templated":true}]}}