{"id":1041,"date":"2020-01-15T21:13:31","date_gmt":"2020-01-15T19:13:31","guid":{"rendered":"http:\/\/fil.ee\/uus\/?post_type=product&#038;p=1041"},"modified":"2023-02-01T11:41:02","modified_gmt":"2023-02-01T09:41:02","slug":"vaikiv-valgus","status":"publish","type":"product","link":"https:\/\/fil.ee\/uus\/toode\/vaikiv-valgus\/","title":{"rendered":"Vaikiv valgus"},"content":{"rendered":"<p style=\"text-align: justify;\">2020. aasta 15. jaanuaril ilmus meie kirjastuselt uus luuleraamat, Maris M\u00e4gi &#8220;Vaikiv valgus&#8221;. Raamat on k\u00f5vade kaante ja v\u00e4rvilise sisuga. Raamatu m\u00f5\u00f5dud on 200&#215;200 mm, maht 84 lehek\u00fclge. Toimetas Heli Hallik, k\u00fcljendas ja kaaned kujundas Vallo Hallik.<\/p>\n<p style=\"text-align: justify;\"><strong>Autor kirjutas:<\/strong><br \/>\nMa h\u00f5iskan sala oma \u00f5hina \u00f5nneheina \u00f5ilmetesse \u2013 on \u00fcks rida \u00fchest luuletusest selles raamatus Sinu k\u00e4es. T\u00e4na ei ole enam salajasi sosinaid ega endamisi laulemist, on avalikult k\u00f5igile lugemiseks luule. MINULT. Iga s\u00f5naga selles raamatus olen Sulle avanud osakese ENDAST. Nii nagu minu s\u00fcda s\u00f5nu ritta seab, nii minu k\u00e4si kirjutab.<br \/>\nK\u00f5ige suurem hooandja, riimiseadja, s\u00f5numivoolija on mind \u00fcmbritsev LOODUS ja AEG, milles elan. See imeline Eestimaa talv, v\u00f5rratu suvi, romantiline kevad ning v\u00e4rvik\u00fcllane s\u00fcgis. See ilmailu mu \u00fcmber, mis silmadega vaadates paneb s\u00fcdame \u00f5nnest heldima.<br \/>\nNeedsamad silmaga n\u00e4htud ning kaameraga kinnip\u00fc\u00fctud hetked on fotodena p\u00f5imitud minu luuleridade vahele. Kumb Sind enne k\u00f5netab, saad otsustada siis, kui raamatu tagakaane peale lugemist-vaatamist sulged.<br \/>\nMinu s\u00fcda t\u00e4nab!<\/p>\n","protected":false},"excerpt":{"rendered":"<p>2020. aasta 15. jaanuaril ilmus meie kirjastuselt uus luuleraamat, Maris M\u00e4gi &#8220;Vaikiv valgus&#8221;. Raamat on k\u00f5vade kaante ja v\u00e4rvilise sisuga. Raamatu m\u00f5\u00f5dud on 200&#215;200 mm, maht 84 lehek\u00fclge. Toimetas Heli Hallik, k\u00fcljendas ja kaaned kujundas Vallo Hallik. Autor kirjutas: Ma h\u00f5iskan sala oma \u00f5hina \u00f5nneheina \u00f5ilmetesse \u2013 on \u00fcks rida \u00fchest luuletusest selles raamatus Sinu [&hellip;]<\/p>\n","protected":false},"featured_media":1039,"comment_status":"open","ping_status":"closed","template":"","meta":[],"product_brand":[],"product_cat":[23],"product_tag":[],"class_list":{"0":"post-1041","1":"product","2":"type-product","3":"status-publish","4":"has-post-thumbnail","6":"product_cat-luule","8":"first","9":"instock","10":"taxable","11":"shipping-taxable","12":"purchasable","13":"product-type-simple"},"_links":{"self":[{"href":"https:\/\/fil.ee\/uus\/wp-json\/wp\/v2\/product\/1041","targetHints":{"allow":["GET"]}}],"collection":[{"href":"https:\/\/fil.ee\/uus\/wp-json\/wp\/v2\/product"}],"about":[{"href":"https:\/\/fil.ee\/uus\/wp-json\/wp\/v2\/types\/product"}],"replies":[{"embeddable":true,"href":"https:\/\/fil.ee\/uus\/wp-json\/wp\/v2\/comments?post=1041"}],"wp:featuredmedia":[{"embeddable":true,"href":"https:\/\/fil.ee\/uus\/wp-json\/wp\/v2\/media\/1039"}],"wp:attachment":[{"href":"https:\/\/fil.ee\/uus\/wp-json\/wp\/v2\/media?parent=1041"}],"wp:term":[{"taxonomy":"product_brand","embeddable":true,"href":"https:\/\/fil.ee\/uus\/wp-json\/wp\/v2\/product_brand?post=1041"},{"taxonomy":"product_cat","embeddable":true,"href":"https:\/\/fil.ee\/uus\/wp-json\/wp\/v2\/product_cat?post=1041"},{"taxonomy":"product_tag","embeddable":true,"href":"https:\/\/fil.ee\/uus\/wp-json\/wp\/v2\/product_tag?post=1041"}],"curies":[{"name":"wp","href":"https:\/\/api.w.org\/{rel}","templated":true}]}}