{"id":1037,"date":"2020-01-03T10:54:22","date_gmt":"2020-01-03T08:54:22","guid":{"rendered":"http:\/\/fil.ee\/uus\/?post_type=product&#038;p=1037"},"modified":"2023-06-20T18:56:11","modified_gmt":"2023-06-20T15:56:11","slug":"imetabane-island","status":"publish","type":"product","link":"https:\/\/fil.ee\/uus\/toode\/imetabane-island\/","title":{"rendered":"Imetabane Island"},"content":{"rendered":"<p>2020. aasta 3. jaanuaril ilmus meie kirjastuselt uus raamat sarjast &#8220;S\u00f5itsin &#8230;&#8221;, siljalill &#8220;Imetabane Island&#8221;. Raamat on k\u00f5vade kaante ja v\u00e4rvilise sisuga. Raamatu m\u00f5\u00f5dud on 148&#215;210 mm, maht 160 lehek\u00fclge. Toimetas S. M. Rattiste, k\u00fcljendas Vallo Hallik ja kaaned kujundas Liis Talv.<\/p>\n<p><strong>Raamatu tutvustus:<br \/>\n<\/strong>Islandist kirjutama ajendas Tallinna Saarlaste Segakoori suvine s\u00f5it saareriiki 2017. aastal. Kui \u00fcldse on v\u00f5imalik m\u00f5nda paika armastada, siis Island vallutas kiiresti autori s\u00fcdame. Tahtmata j\u00e4\u00e4da traditsioonilise reisikirja raamidesse \u2013 k\u00e4isin siin, n\u00e4gin seda, olin seal, kogesin toda, \u2013 on p\u00e4rast reisi laiemalt juurde otsitud k\u00f5ikv\u00f5imalikku teavet selle imelise maa kohta, kuhu igatseks tagasi ikka ja j\u00e4lle.<br \/>\nV\u00e4rvifotodega illustreeritud raamatus kajastatakse koorirahva kohtumisi islandlaste ja kohalike eestlastega, kirjeldatakse rahvakombeid ja loodust, antakse aimu saareriigi t\u00e4nap\u00e4evasest elukorraldusest ning tutvustatakse lugusid saagadest.<br \/>\nToredat avastusretke raamatu vahendusel!<\/p>\n<p>&nbsp;<\/p>\n","protected":false},"excerpt":{"rendered":"<p>2020. aasta 3. jaanuaril ilmus meie kirjastuselt uus raamat sarjast &#8220;S\u00f5itsin &#8230;&#8221;, siljalill &#8220;Imetabane Island&#8221;. Raamat on k\u00f5vade kaante ja v\u00e4rvilise sisuga. Raamatu m\u00f5\u00f5dud on 148&#215;210 mm, maht 160 lehek\u00fclge. Toimetas S. M. Rattiste, k\u00fcljendas Vallo Hallik ja kaaned kujundas Liis Talv. Raamatu tutvustus: Islandist kirjutama ajendas Tallinna Saarlaste Segakoori suvine s\u00f5it saareriiki 2017. aastal. [&hellip;]<\/p>\n","protected":false},"featured_media":1034,"comment_status":"open","ping_status":"closed","template":"","meta":[],"product_brand":[],"product_cat":[25],"product_tag":[],"class_list":{"0":"post-1037","1":"product","2":"type-product","3":"status-publish","4":"has-post-thumbnail","6":"product_cat-reisikirjeldused","8":"first","9":"instock","10":"sale","11":"taxable","12":"shipping-taxable","13":"purchasable","14":"product-type-simple"},"_links":{"self":[{"href":"https:\/\/fil.ee\/uus\/wp-json\/wp\/v2\/product\/1037","targetHints":{"allow":["GET"]}}],"collection":[{"href":"https:\/\/fil.ee\/uus\/wp-json\/wp\/v2\/product"}],"about":[{"href":"https:\/\/fil.ee\/uus\/wp-json\/wp\/v2\/types\/product"}],"replies":[{"embeddable":true,"href":"https:\/\/fil.ee\/uus\/wp-json\/wp\/v2\/comments?post=1037"}],"wp:featuredmedia":[{"embeddable":true,"href":"https:\/\/fil.ee\/uus\/wp-json\/wp\/v2\/media\/1034"}],"wp:attachment":[{"href":"https:\/\/fil.ee\/uus\/wp-json\/wp\/v2\/media?parent=1037"}],"wp:term":[{"taxonomy":"product_brand","embeddable":true,"href":"https:\/\/fil.ee\/uus\/wp-json\/wp\/v2\/product_brand?post=1037"},{"taxonomy":"product_cat","embeddable":true,"href":"https:\/\/fil.ee\/uus\/wp-json\/wp\/v2\/product_cat?post=1037"},{"taxonomy":"product_tag","embeddable":true,"href":"https:\/\/fil.ee\/uus\/wp-json\/wp\/v2\/product_tag?post=1037"}],"curies":[{"name":"wp","href":"https:\/\/api.w.org\/{rel}","templated":true}]}}