{"id":1032,"date":"2019-12-16T11:50:12","date_gmt":"2019-12-16T09:50:12","guid":{"rendered":"http:\/\/fil.ee\/uus\/?post_type=product&#038;p=1032"},"modified":"2023-01-31T20:37:35","modified_gmt":"2023-01-31T18:37:35","slug":"markusepaev","status":"publish","type":"product","link":"https:\/\/fil.ee\/uus\/toode\/markusepaev\/","title":{"rendered":"Markusep\u00e4ev"},"content":{"rendered":"<p style=\"text-align: justify;\">2019. aasta 16. detsembril ilmus meie kirjastuselt uus raamat, Arne Kivistik &#8220;Markusep\u00e4ev&#8221;. Raamat on k\u00f5vade kaante ja mustvalge sisuga. Raamatu m\u00f5\u00f5dud on 148&#215;210 mm, maht 208 lehek\u00fclge. Toimetas Irene \u00d5mblus, k\u00fcljendas Vallo Hallik ja kaaned kujundas Jaan Lehismets.<\/p>\n<p style=\"text-align: justify;\"><strong>Raamatu tutvustus:<br \/>\n<\/strong>Selle p\u00e4eva hommik on nagu iga tavaline j\u00fcrikuu l\u00f5pu hommik. Annet aga ootavad senikogemata elamused. Tal seisab ees kohtumine kellegagi, kes nende suguv\u00f5sa saatuse kujunemises olulist rolli on m\u00e4nginud. Talu juurde viiv tee kulgeb n\u00f5lvakust \u00fcles, aga v\u00e4ike rajakene p\u00f6\u00f6rdub j\u00f5e poole tagasi. Siin asub Ohvriallikas. Anne peatub allika kaldal. Aeg on parasjagu p\u00e4rastl\u00f5unas, aga korraldus oli oodata ja Anne ootab. Siis n\u00e4eb t\u00fcdruk kedagi tee peal liikumas. Neli keskmisest kopsakamat r\u00e4stikut on kaelad p\u00fcsti ajanud ja noogutavad innukalt Kalmudepealse suunas. See on m\u00e4rguanne. M\u00f5\u00f5dukat vahemaad hoides j\u00e4rgneb Anne saatemadudele. Siis l\u00e4bib t\u00fcdruku teadvust ootamatu v\u00f5patus. \u00c4kitselt on p\u00e4ike taevas nagu laiali valgunud ega moodusta kindlapiirilist ketast. Vaikinud on tuulesahin kulus ja lindude laul puuokstes. Hirmu ei ole. M\u00f5tteid ei ole. &#8220;Ole tervitatud tulemast!&#8221; kostab kivikalmelaelt Ussikuninga s\u00f5bralik h\u00e4\u00e4l.<\/p>\n","protected":false},"excerpt":{"rendered":"<p>2019. aasta 16. detsembril ilmus meie kirjastuselt uus raamat, Arne Kivistik &#8220;Markusep\u00e4ev&#8221;. Raamat on k\u00f5vade kaante ja mustvalge sisuga. Raamatu m\u00f5\u00f5dud on 148&#215;210 mm, maht 208 lehek\u00fclge. Toimetas Irene \u00d5mblus, k\u00fcljendas Vallo Hallik ja kaaned kujundas Jaan Lehismets. Raamatu tutvustus: Selle p\u00e4eva hommik on nagu iga tavaline j\u00fcrikuu l\u00f5pu hommik. Annet aga ootavad senikogemata elamused. [&hellip;]<\/p>\n","protected":false},"featured_media":1030,"comment_status":"open","ping_status":"closed","template":"","meta":[],"product_brand":[],"product_cat":[19],"product_tag":[],"class_list":{"0":"post-1032","1":"product","2":"type-product","3":"status-publish","4":"has-post-thumbnail","6":"product_cat-ilukirjandus","8":"first","9":"instock","10":"taxable","11":"shipping-taxable","12":"purchasable","13":"product-type-simple"},"_links":{"self":[{"href":"https:\/\/fil.ee\/uus\/wp-json\/wp\/v2\/product\/1032","targetHints":{"allow":["GET"]}}],"collection":[{"href":"https:\/\/fil.ee\/uus\/wp-json\/wp\/v2\/product"}],"about":[{"href":"https:\/\/fil.ee\/uus\/wp-json\/wp\/v2\/types\/product"}],"replies":[{"embeddable":true,"href":"https:\/\/fil.ee\/uus\/wp-json\/wp\/v2\/comments?post=1032"}],"wp:featuredmedia":[{"embeddable":true,"href":"https:\/\/fil.ee\/uus\/wp-json\/wp\/v2\/media\/1030"}],"wp:attachment":[{"href":"https:\/\/fil.ee\/uus\/wp-json\/wp\/v2\/media?parent=1032"}],"wp:term":[{"taxonomy":"product_brand","embeddable":true,"href":"https:\/\/fil.ee\/uus\/wp-json\/wp\/v2\/product_brand?post=1032"},{"taxonomy":"product_cat","embeddable":true,"href":"https:\/\/fil.ee\/uus\/wp-json\/wp\/v2\/product_cat?post=1032"},{"taxonomy":"product_tag","embeddable":true,"href":"https:\/\/fil.ee\/uus\/wp-json\/wp\/v2\/product_tag?post=1032"}],"curies":[{"name":"wp","href":"https:\/\/api.w.org\/{rel}","templated":true}]}}