{"id":1016,"date":"2019-11-20T18:51:11","date_gmt":"2019-11-20T16:51:11","guid":{"rendered":"http:\/\/fil.ee\/uus\/?post_type=product&#038;p=1016"},"modified":"2025-09-21T23:31:32","modified_gmt":"2025-09-21T20:31:32","slug":"kolmkandi","status":"publish","type":"product","link":"https:\/\/fil.ee\/uus\/toode\/kolmkandi\/","title":{"rendered":"Kolmkandi"},"content":{"rendered":"<p>2019. aasta 20. novembril ilmus meie kirjastuselt uus raamat, Arne Nielsen &#8220;Kolmkandi&#8221;. Raamat on k\u00f5vade kaante ja mustvalge sisuga. Raamatu m\u00f5\u00f5dud on 130&#215;200 mm, maht 324 lehek\u00fclge. Toimetas S. M. Rattiste, k\u00fcljendas ja kaaned kujundas Vallo Hallik.<\/p>\n<p><strong>Raamatu tutvustus:<br \/>\n<\/strong>\u201eKolmkandi\u201c on ajasturomaan selle s\u00f5na k\u00f5ige t\u00f5sisemas m\u00f5ttes. Pikemalt raamatute t\u00f5lkimisega tegelenud autor v\u00f5tab oma romaanis kokku m\u00f6\u00f6dunud sajandi p\u00f5nevamad s\u00fcndmused ja seob need tegelastega, kes leiavad lahendusi k\u00f5ige delikaatsematelegi probleemidele. Raamatus k\u00e4sitletakse muu hulgas kolmiksuhteid perekonnas, tegevus toimub Eesti mitmetes paikades ning Saksamaal nii idas kui l\u00e4\u00e4nes.<br \/>\nPeategelane Kolmkandi Karla on \u00fcks eesti meestest, kellel tuli oma kodumaa iseseisvust kaitstes v\u00f5idelda natsiarmees. V\u00f5\u00f5rsilt koju saabudes \u00fchineb ta represseerimistest p\u00e4\u00e4senud inimestega, kes kollaborandi nime kartmata olid suutnud j\u00e4\u00e4da iseendiks, olles pinnaseks, milles v\u00f5rsus Eesti riigi taass\u00fcnd.<\/p>\n","protected":false},"excerpt":{"rendered":"<p>2019. aasta 20. novembril ilmus meie kirjastuselt uus raamat, Arne Nielsen &#8220;Kolmkandi&#8221;. Raamat on k\u00f5vade kaante ja mustvalge sisuga. Raamatu m\u00f5\u00f5dud on 130&#215;200 mm, maht 324 lehek\u00fclge. Toimetas S. M. Rattiste, k\u00fcljendas ja kaaned kujundas Vallo Hallik. Raamatu tutvustus: \u201eKolmkandi\u201c on ajasturomaan selle s\u00f5na k\u00f5ige t\u00f5sisemas m\u00f5ttes. Pikemalt raamatute t\u00f5lkimisega tegelenud autor v\u00f5tab oma romaanis [&hellip;]<\/p>\n","protected":false},"featured_media":1014,"comment_status":"open","ping_status":"closed","template":"","meta":[],"product_brand":[],"product_cat":[19],"product_tag":[],"class_list":{"0":"post-1016","1":"product","2":"type-product","3":"status-publish","4":"has-post-thumbnail","6":"product_cat-ilukirjandus","8":"first","9":"instock","10":"sale","11":"taxable","12":"shipping-taxable","13":"purchasable","14":"product-type-simple"},"_links":{"self":[{"href":"https:\/\/fil.ee\/uus\/wp-json\/wp\/v2\/product\/1016","targetHints":{"allow":["GET"]}}],"collection":[{"href":"https:\/\/fil.ee\/uus\/wp-json\/wp\/v2\/product"}],"about":[{"href":"https:\/\/fil.ee\/uus\/wp-json\/wp\/v2\/types\/product"}],"replies":[{"embeddable":true,"href":"https:\/\/fil.ee\/uus\/wp-json\/wp\/v2\/comments?post=1016"}],"wp:featuredmedia":[{"embeddable":true,"href":"https:\/\/fil.ee\/uus\/wp-json\/wp\/v2\/media\/1014"}],"wp:attachment":[{"href":"https:\/\/fil.ee\/uus\/wp-json\/wp\/v2\/media?parent=1016"}],"wp:term":[{"taxonomy":"product_brand","embeddable":true,"href":"https:\/\/fil.ee\/uus\/wp-json\/wp\/v2\/product_brand?post=1016"},{"taxonomy":"product_cat","embeddable":true,"href":"https:\/\/fil.ee\/uus\/wp-json\/wp\/v2\/product_cat?post=1016"},{"taxonomy":"product_tag","embeddable":true,"href":"https:\/\/fil.ee\/uus\/wp-json\/wp\/v2\/product_tag?post=1016"}],"curies":[{"name":"wp","href":"https:\/\/api.w.org\/{rel}","templated":true}]}}