{"id":1006,"date":"2019-10-25T18:46:24","date_gmt":"2019-10-25T15:46:24","guid":{"rendered":"http:\/\/fil.ee\/uus\/?post_type=product&#038;p=1006"},"modified":"2023-02-23T11:46:28","modified_gmt":"2023-02-23T09:46:28","slug":"troopikamaja-karbeste-osakond","status":"publish","type":"product","link":"https:\/\/fil.ee\/uus\/toode\/troopikamaja-karbeste-osakond\/","title":{"rendered":"Troopikamaja k\u00e4rbeste osakond"},"content":{"rendered":"<p style=\"text-align: justify;\">2019. aasta 25. oktoobril ilmus meie kirjastuselt uus raamat, Anneli Lamp \u201cTroopikamaja k\u00e4rbeste osakond\u201d. Raamat on pehmete kaante ja mustvalge sisuga. Raamatu m\u00f5\u00f5dud on 140\u00d7210 mm, maht 120 lehek\u00fclge. Toimetas Heli Hallik, kaaned kujundas Rita Mets ja k\u00fcljendas Vallo Hallik.<\/p>\n<p style=\"text-align: justify;\"><strong>Raamatu tutvustus:<br \/>\n<\/strong>Tegu on kogupereraamatuga, mis sisaldab lihtsat luulet ja paari juttu. Siit leiavad endale lugemist nii vanavanemad kui lapselapsed ja keskminegi p\u00f5lvkond. Luule ulatub oktoobrist oktoobrisse ning kajastab aastaringi looduses ja inimeste elus. Sisuks on t\u00f5sisemad ja kergemad teemad. Kellele riim, kellele vabav\u00e4rss \u2026 Raamatust leiab m\u00f5ne salmikese j\u00f5uluvanalt kingi lunastamisekski.<br \/>\nKui luule ei k\u00f5neta, saab lugeda proosat. Nende kaante vahel on \u00fcks lugu kaugetest aegadest ja \u00fcks l\u00f5bus loodusmuinasjutt. Viimane sobib unejutuks neile, kes ise veel lugeda ei oska.<br \/>\nSee on \u00fcks kirev, sumisev ja r\u00f5\u00f5mus raamat, nagu pealkiri ka v\u00e4idab.<\/p>\n","protected":false},"excerpt":{"rendered":"<p>2019. aasta 25. oktoobril ilmus meie kirjastuselt uus raamat, Anneli Lamp \u201cTroopikamaja k\u00e4rbeste osakond\u201d. Raamat on pehmete kaante ja mustvalge sisuga. Raamatu m\u00f5\u00f5dud on 140\u00d7210 mm, maht 120 lehek\u00fclge. Toimetas Heli Hallik, kaaned kujundas Rita Mets ja k\u00fcljendas Vallo Hallik. Raamatu tutvustus: Tegu on kogupereraamatuga, mis sisaldab lihtsat luulet ja paari juttu. Siit leiavad endale [&hellip;]<\/p>\n","protected":false},"featured_media":1004,"comment_status":"open","ping_status":"closed","template":"","meta":[],"product_brand":[],"product_cat":[286],"product_tag":[],"class_list":{"0":"post-1006","1":"product","2":"type-product","3":"status-publish","4":"has-post-thumbnail","6":"product_cat-archive","8":"first","9":"outofstock","10":"taxable","11":"shipping-taxable","12":"product-type-simple"},"_links":{"self":[{"href":"https:\/\/fil.ee\/uus\/wp-json\/wp\/v2\/product\/1006","targetHints":{"allow":["GET"]}}],"collection":[{"href":"https:\/\/fil.ee\/uus\/wp-json\/wp\/v2\/product"}],"about":[{"href":"https:\/\/fil.ee\/uus\/wp-json\/wp\/v2\/types\/product"}],"replies":[{"embeddable":true,"href":"https:\/\/fil.ee\/uus\/wp-json\/wp\/v2\/comments?post=1006"}],"wp:featuredmedia":[{"embeddable":true,"href":"https:\/\/fil.ee\/uus\/wp-json\/wp\/v2\/media\/1004"}],"wp:attachment":[{"href":"https:\/\/fil.ee\/uus\/wp-json\/wp\/v2\/media?parent=1006"}],"wp:term":[{"taxonomy":"product_brand","embeddable":true,"href":"https:\/\/fil.ee\/uus\/wp-json\/wp\/v2\/product_brand?post=1006"},{"taxonomy":"product_cat","embeddable":true,"href":"https:\/\/fil.ee\/uus\/wp-json\/wp\/v2\/product_cat?post=1006"},{"taxonomy":"product_tag","embeddable":true,"href":"https:\/\/fil.ee\/uus\/wp-json\/wp\/v2\/product_tag?post=1006"}],"curies":[{"name":"wp","href":"https:\/\/api.w.org\/{rel}","templated":true}]}}