{"id":1003,"date":"2019-10-21T12:38:27","date_gmt":"2019-10-21T09:38:27","guid":{"rendered":"http:\/\/fil.ee\/uus\/?post_type=product&#038;p=1003"},"modified":"2023-01-31T20:12:50","modified_gmt":"2023-01-31T18:12:50","slug":"argi-agri-luule","status":"publish","type":"product","link":"https:\/\/fil.ee\/uus\/toode\/argi-agri-luule\/","title":{"rendered":"Argi-agri luule"},"content":{"rendered":"<p style=\"text-align: justify;\">2019. aasta 21. oktoobril ilmus meie kirjastuselt uus luuekogu, Mikk Tammik &#8220;Argi-agri luule&#8221;. Raamat on pehmete kaante ja v\u00e4rvilise sisuga. Raamatu m\u00f5\u00f5dud on 125&#215;176 mm, maht 40 lehek\u00fclge. Toimetas Heli Hallik, illustratsioonid autorilt, kaaned kujundas Rita Mets ja k\u00fcljendas Vallo Hallik.<\/p>\n<p style=\"text-align: justify;\"><strong>Raamatu tutvustus:<br \/>\n<\/strong>Kui Pegasus ei soovi suhelda v\u00f5i meel on morn, siis p\u00f6\u00f6rdu teiste tiivuliste olendite poole.<br \/>\nSelle raamatu kirjutamisel tiivustasid mind 30 ja 1 m\u00fcstilist lendlevat olendit.<\/p>\n<p>&nbsp;<\/p>\n","protected":false},"excerpt":{"rendered":"<p>2019. aasta 21. oktoobril ilmus meie kirjastuselt uus luuekogu, Mikk Tammik &#8220;Argi-agri luule&#8221;. Raamat on pehmete kaante ja v\u00e4rvilise sisuga. Raamatu m\u00f5\u00f5dud on 125&#215;176 mm, maht 40 lehek\u00fclge. Toimetas Heli Hallik, illustratsioonid autorilt, kaaned kujundas Rita Mets ja k\u00fcljendas Vallo Hallik. Raamatu tutvustus: Kui Pegasus ei soovi suhelda v\u00f5i meel on morn, siis p\u00f6\u00f6rdu teiste [&hellip;]<\/p>\n","protected":false},"featured_media":998,"comment_status":"open","ping_status":"closed","template":"","meta":[],"product_brand":[],"product_cat":[23],"product_tag":[],"class_list":{"0":"post-1003","1":"product","2":"type-product","3":"status-publish","4":"has-post-thumbnail","6":"product_cat-luule","8":"first","9":"instock","10":"taxable","11":"shipping-taxable","12":"purchasable","13":"product-type-simple"},"_links":{"self":[{"href":"https:\/\/fil.ee\/uus\/wp-json\/wp\/v2\/product\/1003","targetHints":{"allow":["GET"]}}],"collection":[{"href":"https:\/\/fil.ee\/uus\/wp-json\/wp\/v2\/product"}],"about":[{"href":"https:\/\/fil.ee\/uus\/wp-json\/wp\/v2\/types\/product"}],"replies":[{"embeddable":true,"href":"https:\/\/fil.ee\/uus\/wp-json\/wp\/v2\/comments?post=1003"}],"wp:featuredmedia":[{"embeddable":true,"href":"https:\/\/fil.ee\/uus\/wp-json\/wp\/v2\/media\/998"}],"wp:attachment":[{"href":"https:\/\/fil.ee\/uus\/wp-json\/wp\/v2\/media?parent=1003"}],"wp:term":[{"taxonomy":"product_brand","embeddable":true,"href":"https:\/\/fil.ee\/uus\/wp-json\/wp\/v2\/product_brand?post=1003"},{"taxonomy":"product_cat","embeddable":true,"href":"https:\/\/fil.ee\/uus\/wp-json\/wp\/v2\/product_cat?post=1003"},{"taxonomy":"product_tag","embeddable":true,"href":"https:\/\/fil.ee\/uus\/wp-json\/wp\/v2\/product_tag?post=1003"}],"curies":[{"name":"wp","href":"https:\/\/api.w.org\/{rel}","templated":true}]}}