{"id":21,"date":"2017-05-20T21:55:37","date_gmt":"2017-05-20T18:55:37","guid":{"rendered":"http:\/\/fil.ee\/uus\/?page_id=21"},"modified":"2022-12-20T18:48:13","modified_gmt":"2022-12-20T16:48:13","slug":"avaleht","status":"publish","type":"page","link":"https:\/\/fil.ee\/uus\/avaleht\/","title":{"rendered":"Meist"},"content":{"rendered":"<h1><span style=\"color: #000066; font-size: 18pt;\">Tere tulemast kirjastuse Hea Tegu kodulehele!<\/span><\/h1>\n<div align=\"justify\">\n<p>Kirjastus Hea Tegu on loodud eesm\u00e4rgiga arendada Eesti kultuuri. Seda eesk\u00e4tt just kirjanduse vallas. Oleme valmis abistama noorkirjanikke loomingu korrigeerimise ja redigeerimisega, samuti ka raamatute k\u00fcljenduse ja kujundamisega. Meil on kokkulepped kolme omal k\u00e4el kunstiga tegeleva noorkunstnikuga, kes on valmis autori soovi korral raamatutesse illustratsioone looma. Lisaks teeme koost\u00f6\u00f6d toimetajatega, kes on p\u00fchendunud nii proosale kui luulele.<\/p>\n<p>Valmistoodang tahab kindlasti ka turustamist. Meil on koost\u00f6\u00f6lepingud Apollo ja Rahva Raamatuga, seega saame ka selles toeks ja abiks olla.<\/p>\n<p>Kui Sul on huvi ja soov anda v\u00e4lja oma raamat, aga Sa pole seda seni mingil p\u00f5hjusel teinud, siis pane palun oma looming kokku, nii nagu enda n\u00e4gemuses raamatus n\u00e4ha tahaksid ning saada siis see meile \u00fclevaatamisele. Selle p\u00f5hjal saame teha Sulle konkreetse pakkumise.\u00a0T\u00e4psem info meie kontaktaadressilt <a href=\"mailto:kirjastus@teehead.ee\" target=\"_blank\" rel=\"noopener noreferrer\">heli@fil.ee<\/a>.<\/p>\n<p>Lisaks kirjastamisele pakume ka tr\u00fckiteenuseid ja seda alates visiitkaartidest ja l\u00f5petades voldikute, kalendrite ja bro\u0161\u00fc\u00fcridega ehk\u00a0 tr\u00fckime k\u00f5ike, mida saab paberist teha.<\/p>\n<div><\/div>\n<\/div>\n","protected":false},"excerpt":{"rendered":"<p>Tere tulemast kirjastuse Hea Tegu kodulehele! Kirjastus Hea Tegu on loodud eesm\u00e4rgiga arendada Eesti kultuuri. Seda eesk\u00e4tt just kirjanduse vallas. Oleme valmis abistama noorkirjanikke loomingu korrigeerimise ja redigeerimisega, samuti ka raamatute k\u00fcljenduse ja kujundamisega. Meil on kokkulepped kolme omal k\u00e4el kunstiga tegeleva noorkunstnikuga, kes on valmis autori soovi korral raamatutesse illustratsioone looma. Lisaks teeme koost\u00f6\u00f6d [&hellip;]<\/p>\n","protected":false},"author":1,"featured_media":0,"parent":0,"menu_order":0,"comment_status":"closed","ping_status":"closed","template":"template-fullwidth.php","meta":{"footnotes":""},"class_list":["post-21","page","type-page","status-publish","hentry"],"_links":{"self":[{"href":"https:\/\/fil.ee\/uus\/wp-json\/wp\/v2\/pages\/21","targetHints":{"allow":["GET"]}}],"collection":[{"href":"https:\/\/fil.ee\/uus\/wp-json\/wp\/v2\/pages"}],"about":[{"href":"https:\/\/fil.ee\/uus\/wp-json\/wp\/v2\/types\/page"}],"author":[{"embeddable":true,"href":"https:\/\/fil.ee\/uus\/wp-json\/wp\/v2\/users\/1"}],"replies":[{"embeddable":true,"href":"https:\/\/fil.ee\/uus\/wp-json\/wp\/v2\/comments?post=21"}],"version-history":[{"count":5,"href":"https:\/\/fil.ee\/uus\/wp-json\/wp\/v2\/pages\/21\/revisions"}],"predecessor-version":[{"id":1943,"href":"https:\/\/fil.ee\/uus\/wp-json\/wp\/v2\/pages\/21\/revisions\/1943"}],"wp:attachment":[{"href":"https:\/\/fil.ee\/uus\/wp-json\/wp\/v2\/media?parent=21"}],"curies":[{"name":"wp","href":"https:\/\/api.w.org\/{rel}","templated":true}]}}