{"id":1526,"date":"2021-07-13T16:55:45","date_gmt":"2021-07-13T13:55:45","guid":{"rendered":"https:\/\/fil.ee\/uus\/?page_id=1526"},"modified":"2023-07-05T15:35:58","modified_gmt":"2023-07-05T12:35:58","slug":"meeskond","status":"publish","type":"page","link":"https:\/\/fil.ee\/uus\/meeskond\/","title":{"rendered":"Meeskond"},"content":{"rendered":"<p><span style=\"font-size: 18pt;\"><strong><img loading=\"lazy\" decoding=\"async\" class=\"wp-image-1534 size-medium alignleft\" src=\"https:\/\/fil.ee\/uus\/wp-content\/uploads\/2021\/07\/Heli-214x244.png\" alt=\"\" width=\"214\" height=\"244\" srcset=\"https:\/\/fil.ee\/uus\/wp-content\/uploads\/2021\/07\/Heli-214x244.png 214w, https:\/\/fil.ee\/uus\/wp-content\/uploads\/2021\/07\/Heli-642x733.png 642w, https:\/\/fil.ee\/uus\/wp-content\/uploads\/2021\/07\/Heli-768x877.png 768w, https:\/\/fil.ee\/uus\/wp-content\/uploads\/2021\/07\/Heli-1345x1536.png 1345w, https:\/\/fil.ee\/uus\/wp-content\/uploads\/2021\/07\/Heli-1794x2048.png 1794w, https:\/\/fil.ee\/uus\/wp-content\/uploads\/2021\/07\/Heli-416x475.png 416w, https:\/\/fil.ee\/uus\/wp-content\/uploads\/2021\/07\/Heli.png 1821w\" sizes=\"auto, (max-width: 214px) 100vw, 214px\" \/>Heli Hallik<\/strong><\/span><br \/>\n(tegevjuht \/ toimetaja)<br \/>\ne-post: <strong>heli@fil.ee<\/strong> \/ tel: <strong>55 45 772<\/strong><\/p>\n<p>lemmikkujund:<strong> kaheksakand<\/strong><br \/>\nlemmikloom:<strong> elevant<\/strong><br \/>\nlemmikjook:<strong> mustikajogurt<\/strong><br \/>\nlemmiks\u00f6\u00f6k:<strong> k\u00fclasupp<\/strong><br \/>\nunistuste puhkus kuhu tahaksid reisida?<strong> P\u00f5hja-Norra<\/strong><br \/>\nkui pikk peaks olema t\u00f6\u00f6p\u00e4ev?<strong> t\u00e4pselt nii pikk, et k\u00f5ik vajalik saaks tehtud, aga kogu v\u00f5hma v\u00e4lja ei v\u00f5taks<\/strong><br \/>\nmiks t\u00f6\u00f6tad Hea Tegu kirjastuses?<strong> t\u00f6\u00f6 meeldib, on huvitav ja kolletkiiv on m\u00f5nus<\/strong><br \/>\nmilline oled ja kellena t\u00f6\u00f6tad 10 aasta p\u00e4rast?<strong> loodan olla tubli pension\u00e4r!<\/strong><\/p>\n<p>&nbsp;<\/p>\n<p>&nbsp;<\/p>\n<p><img loading=\"lazy\" decoding=\"async\" class=\"wp-image-1535 size-medium alignright\" style=\"font-size: 24px; font-weight: bold; text-align: right;\" src=\"https:\/\/fil.ee\/uus\/wp-content\/uploads\/2021\/07\/Irene-214x244.png\" alt=\"\" width=\"214\" height=\"244\" srcset=\"https:\/\/fil.ee\/uus\/wp-content\/uploads\/2021\/07\/Irene-214x244.png 214w, https:\/\/fil.ee\/uus\/wp-content\/uploads\/2021\/07\/Irene-642x733.png 642w, https:\/\/fil.ee\/uus\/wp-content\/uploads\/2021\/07\/Irene-768x877.png 768w, https:\/\/fil.ee\/uus\/wp-content\/uploads\/2021\/07\/Irene-1345x1536.png 1345w, https:\/\/fil.ee\/uus\/wp-content\/uploads\/2021\/07\/Irene-1794x2048.png 1794w, https:\/\/fil.ee\/uus\/wp-content\/uploads\/2021\/07\/Irene-416x475.png 416w, https:\/\/fil.ee\/uus\/wp-content\/uploads\/2021\/07\/Irene.png 1821w\" sizes=\"auto, (max-width: 214px) 100vw, 214px\" \/><\/p>\n<p style=\"text-align: right;\"><span style=\"font-size: 18pt;\"><strong>Irene \u00d5mbl<\/strong><\/span><span style=\"font-size: 18pt;\"><strong>us<\/strong><\/span><br \/>\n(toimetaja)<\/p>\n<p style=\"text-align: right;\">lemmikkujund:<strong> ring<\/strong><br \/>\nlemmikloom:<strong> kass-koer<\/strong><br \/>\nlemmikjook:<strong> virgin mojito<\/strong><br \/>\nlemmiks\u00f6\u00f6k:<strong> pannkoogid<\/strong><br \/>\nunistuste puhkus: <strong>rattamatk<\/strong><br \/>\nkuhu tahaksid reisida?<strong> igale poole<\/strong><br \/>\nkui pikk peaks olema t\u00f6\u00f6p\u00e4ev? <strong> mitte liiga pikk<\/strong><br \/>\nmiks t\u00f6\u00f6tad Hea Tegu kirjastuses? <strong> sest olen &#8220;t\u00e4hen\u00e4rija&#8221;<\/strong><br \/>\nmilline oled ja kellena t\u00f6\u00f6tad 10 aasta p\u00e4rast? <strong>natuke vanem, palju targem, aga ikka hea &#8230;<\/strong><br \/>\n<strong>K\u00fcmne aasta p\u00e4rast v\u00f5iksin olla laia profiiliga toimetaja-kunstk\u00e4sit\u00f6\u00f6line<\/strong><\/p>\n<p>&nbsp;<\/p>\n<p>&nbsp;<\/p>\n<p>&nbsp;<\/p>\n<p>&nbsp;<\/p>\n<p><img loading=\"lazy\" decoding=\"async\" class=\"wp-image-1536 size-medium alignleft\" style=\"font-size: 24px; font-weight: bold; text-align: right;\" src=\"https:\/\/fil.ee\/uus\/wp-content\/uploads\/2021\/07\/Jaan-214x244.png\" alt=\"\" width=\"214\" height=\"244\" srcset=\"https:\/\/fil.ee\/uus\/wp-content\/uploads\/2021\/07\/Jaan-214x244.png 214w, https:\/\/fil.ee\/uus\/wp-content\/uploads\/2021\/07\/Jaan-642x733.png 642w, https:\/\/fil.ee\/uus\/wp-content\/uploads\/2021\/07\/Jaan-768x877.png 768w, https:\/\/fil.ee\/uus\/wp-content\/uploads\/2021\/07\/Jaan-1345x1536.png 1345w, https:\/\/fil.ee\/uus\/wp-content\/uploads\/2021\/07\/Jaan-1794x2048.png 1794w, https:\/\/fil.ee\/uus\/wp-content\/uploads\/2021\/07\/Jaan-416x475.png 416w, https:\/\/fil.ee\/uus\/wp-content\/uploads\/2021\/07\/Jaan.png 1821w\" sizes=\"auto, (max-width: 214px) 100vw, 214px\" \/><\/p>\n<p style=\"text-align: left;\"><span style=\"font-size: 18pt;\"><strong>Jaan Lehismets<\/strong><\/span><br \/>\n(k\u00fcljendaja \/ kujundaja)<\/p>\n<p style=\"text-align: left;\">lemmikkujund:<strong> m\u00f5tleb veel<\/strong><br \/>\nlemmikloom:<strong> m\u00f5tleb veel<\/strong><br \/>\nlemmikjook:<strong> m\u00f5tleb veel<\/strong><br \/>\nlemmiks\u00f6\u00f6k:<strong> m\u00f5tleb veel<\/strong><br \/>\nunistuste puhkus kuhu tahaksid reisida?<strong> m\u00f5tleb veel<\/strong><br \/>\nkui pikk peaks olema t\u00f6\u00f6p\u00e4ev? <strong> m\u00f5tleb veel<\/strong><br \/>\nmiks t\u00f6\u00f6tad Hea Tegu kirjastuses? <strong> m\u00f5tleb veel<\/strong><br \/>\nmilline oled ja kellena t\u00f6\u00f6tad 10 aasta p\u00e4rast? <strong> m\u00f5tleb veel<\/strong><\/p>\n<p>&nbsp;<\/p>\n<p>&nbsp;<\/p>\n<p style=\"text-align: right;\"><span style=\"font-size: 18pt;\"><strong><img loading=\"lazy\" decoding=\"async\" class=\"wp-image-1539 size-medium alignright\" src=\"https:\/\/fil.ee\/uus\/wp-content\/uploads\/2021\/07\/Vallo-214x244.png\" alt=\"\" width=\"214\" height=\"244\" srcset=\"https:\/\/fil.ee\/uus\/wp-content\/uploads\/2021\/07\/Vallo-214x244.png 214w, https:\/\/fil.ee\/uus\/wp-content\/uploads\/2021\/07\/Vallo-642x733.png 642w, https:\/\/fil.ee\/uus\/wp-content\/uploads\/2021\/07\/Vallo-768x877.png 768w, https:\/\/fil.ee\/uus\/wp-content\/uploads\/2021\/07\/Vallo-1345x1536.png 1345w, https:\/\/fil.ee\/uus\/wp-content\/uploads\/2021\/07\/Vallo-1794x2048.png 1794w, https:\/\/fil.ee\/uus\/wp-content\/uploads\/2021\/07\/Vallo-416x475.png 416w, https:\/\/fil.ee\/uus\/wp-content\/uploads\/2021\/07\/Vallo.png 1821w\" sizes=\"auto, (max-width: 214px) 100vw, 214px\" \/>Vallo Hallik<\/strong><\/span><br \/>\n(juhatuse liige)<br \/>\ne-post: <strong>info@fil.ee<\/strong> \/ tel: <strong>566 77 398<\/strong><\/p>\n<p style=\"text-align: right;\">lemmikkujund:<strong> m\u00f5istmatu, kuid k\u00f6itev<\/strong><br \/>\nlemmikloom:<strong> on olemas (enamasti k\u00f6\u00f6gis v\u00f5i WC-s)<\/strong><br \/>\nlemmikjook:<strong> lahja viski<\/strong><br \/>\nlemmiks\u00f6\u00f6k:<strong> kergelt k\u00f5rbema l\u00e4inud (\u00fches\u00f5naga: kr\u00f5be)<\/strong><br \/>\nunistuste puhkus kuhu tahaksid reisida?<strong> Ukrainale ja Ungarile ei suuda kunagi EI \u00f6elda<\/strong><br \/>\nkui pikk peaks olema t\u00f6\u00f6p\u00e4ev?<strong> vist paar tundi pikem kui on, siis ei peaks kliendid minu taga ootama<\/strong><br \/>\nmiks t\u00f6\u00f6tad Hea Tegu kirjastuses?<strong> unistuste t\u00f6\u00f6koht unistuste seltskonnaga, mida veel tahta?<\/strong><br \/>\nmilline oled ja kellena t\u00f6\u00f6tad 10 aasta p\u00e4rast?<strong> 10 aastat Hea Tegu kirjastuses vastu peetud, ehk peab veel paark\u00fcmmend aastat<\/strong><\/p>\n<p>&nbsp;<\/p>\n","protected":false},"excerpt":{"rendered":"<p>Heli Hallik (tegevjuht \/ toimetaja) e-post: heli@fil.ee \/ tel: 55 45 772 lemmikkujund: kaheksakand lemmikloom: elevant lemmikjook: mustikajogurt lemmiks\u00f6\u00f6k: k\u00fclasupp unistuste puhkus kuhu tahaksid reisida? P\u00f5hja-Norra kui pikk peaks olema t\u00f6\u00f6p\u00e4ev? t\u00e4pselt nii pikk, et k\u00f5ik vajalik saaks tehtud, aga kogu v\u00f5hma v\u00e4lja ei v\u00f5taks miks t\u00f6\u00f6tad Hea Tegu kirjastuses? t\u00f6\u00f6 meeldib, on huvitav ja [&hellip;]<\/p>\n","protected":false},"author":1,"featured_media":0,"parent":0,"menu_order":0,"comment_status":"closed","ping_status":"closed","template":"elementor_header_footer","meta":{"footnotes":""},"class_list":["post-1526","page","type-page","status-publish","hentry"],"_links":{"self":[{"href":"https:\/\/fil.ee\/uus\/wp-json\/wp\/v2\/pages\/1526","targetHints":{"allow":["GET"]}}],"collection":[{"href":"https:\/\/fil.ee\/uus\/wp-json\/wp\/v2\/pages"}],"about":[{"href":"https:\/\/fil.ee\/uus\/wp-json\/wp\/v2\/types\/page"}],"author":[{"embeddable":true,"href":"https:\/\/fil.ee\/uus\/wp-json\/wp\/v2\/users\/1"}],"replies":[{"embeddable":true,"href":"https:\/\/fil.ee\/uus\/wp-json\/wp\/v2\/comments?post=1526"}],"version-history":[{"count":5,"href":"https:\/\/fil.ee\/uus\/wp-json\/wp\/v2\/pages\/1526\/revisions"}],"predecessor-version":[{"id":2114,"href":"https:\/\/fil.ee\/uus\/wp-json\/wp\/v2\/pages\/1526\/revisions\/2114"}],"wp:attachment":[{"href":"https:\/\/fil.ee\/uus\/wp-json\/wp\/v2\/media?parent=1526"}],"curies":[{"name":"wp","href":"https:\/\/api.w.org\/{rel}","templated":true}]}}